{"id":25,"date":"2015-10-15T15:32:49","date_gmt":"2015-10-15T15:32:49","guid":{"rendered":"http:\/\/wpoffice\/construction\/?page_id=25"},"modified":"2025-07-07T12:34:09","modified_gmt":"2025-07-07T12:34:09","slug":"service","status":"publish","type":"page","link":"https:\/\/formaconsulting.hu\/?page_id=25","title":{"rendered":"Szolg\u00e1ltat\u00e1sok"},"content":{"rendered":"\n<style type=\"text\/css\" data-created_by=\"avia_inline_auto\" id=\"style-css-av-1x989-468822d2ef8b492389f285cf5bb6a6c4\">\n#top .av-special-heading.av-1x989-468822d2ef8b492389f285cf5bb6a6c4{\npadding-bottom:0;\n}\nbody .av-special-heading.av-1x989-468822d2ef8b492389f285cf5bb6a6c4 .av-special-heading-tag .heading-char{\nfont-size:25px;\n}\n.av-special-heading.av-1x989-468822d2ef8b492389f285cf5bb6a6c4 .av-subheading{\nfont-size:15px;\n}\n<\/style>\n<div  class='av-special-heading av-1x989-468822d2ef8b492389f285cf5bb6a6c4 av-special-heading-h2 blockquote modern-quote modern-centered  avia-builder-el-0  el_before_av_hr  avia-builder-el-first '><h2 class='av-special-heading-tag '  itemprop=\"headline\"  >Szolg\u00e1ltat\u00e1sok<\/h2><div class=\"special-heading-border\"><div class=\"special-heading-inner-border\"><\/div><\/div><\/div>\n\n<style type=\"text\/css\" data-created_by=\"avia_inline_auto\" id=\"style-css-av-io4bd-2e0c1aef74a3cfdf56e5b99e3eb67bf4\">\n#top .hr.av-io4bd-2e0c1aef74a3cfdf56e5b99e3eb67bf4{\nmargin-top:5px;\nmargin-bottom:35px;\n}\n.hr.av-io4bd-2e0c1aef74a3cfdf56e5b99e3eb67bf4 .hr-inner{\nwidth:50px;\nborder-color:#efbb20;\n}\n<\/style>\n<div  class='hr av-io4bd-2e0c1aef74a3cfdf56e5b99e3eb67bf4 hr-custom  avia-builder-el-1  el_after_av_heading  el_before_av_one_half  hr-center hr-icon-no'><span class='hr-inner inner-border-av-border-fat'><span class=\"hr-inner-style\"><\/span><\/span><\/div>\n\n<style type=\"text\/css\" data-created_by=\"avia_inline_auto\" id=\"style-css-av-38hm5-f841092790d0936403c2107a6c87afb4\">\n.flex_column.av-38hm5-f841092790d0936403c2107a6c87afb4{\nborder-radius:0px 0px 0px 0px;\npadding:0px 0px 0px 0px;\n}\n<\/style>\n<div  class='flex_column av-38hm5-f841092790d0936403c2107a6c87afb4 av_one_half  avia-builder-el-2  el_after_av_hr  el_before_av_one_half  first flex_column_div av-animated-generic bottom-to-top av-zero-column-padding  '     ><p>\n<style type=\"text\/css\" data-created_by=\"avia_inline_auto\" id=\"style-css-av-a8ox-821e26c4ef9617318e020f6275eb28fa\">\n.avia-image-container.av-a8ox-821e26c4ef9617318e020f6275eb28fa img.avia_image{\nbox-shadow:none;\n}\n.avia-image-container.av-a8ox-821e26c4ef9617318e020f6275eb28fa .av-image-caption-overlay-center{\ncolor:#ffffff;\n}\n<\/style>\n<div  class='avia-image-container av-a8ox-821e26c4ef9617318e020f6275eb28fa av-styling-no-styling av-img-linked avia-align-center  avia-builder-el-3  el_before_av_heading  avia-builder-el-first '   itemprop=\"image\" itemscope=\"itemscope\" itemtype=\"https:\/\/schema.org\/ImageObject\" ><div class=\"avia-image-container-inner\"><div class=\"avia-image-overlay-wrap\"><a href=\"https:\/\/formaconsulting.hu\/?page_id=144\" class='avia_image '  aria-label='Urban development'><img decoding=\"async\" fetchpriority=\"high\" class='wp-image-85 avia-img-lazy-loading-not-85 avia_image ' src=\"https:\/\/formaconsulting.hu\/wp-content\/uploads\/2015\/10\/urban-development-845x321.jpg\" alt='' title='Urban development'  height=\"321\" width=\"845\"  itemprop=\"thumbnailUrl\"  \/><\/a><\/div><\/div><\/div><br \/>\n\n<style type=\"text\/css\" data-created_by=\"avia_inline_auto\" id=\"style-css-av-2adj1-e3f8e0014a6bc73a175550e1e065e17c\">\n#top .av-special-heading.av-2adj1-e3f8e0014a6bc73a175550e1e065e17c{\npadding-bottom:0;\n}\nbody .av-special-heading.av-2adj1-e3f8e0014a6bc73a175550e1e065e17c .av-special-heading-tag .heading-char{\nfont-size:25px;\n}\n.av-special-heading.av-2adj1-e3f8e0014a6bc73a175550e1e065e17c .av-subheading{\nfont-size:15px;\n}\n<\/style>\n<div  class='av-special-heading av-2adj1-e3f8e0014a6bc73a175550e1e065e17c av-special-heading-h3 blockquote modern-quote  avia-builder-el-4  el_after_av_image  el_before_av_hr '><h3 class='av-special-heading-tag '  itemprop=\"headline\"  >\u00c9p\u00fcletfelm\u00e9r\u00e9s \u00e9s dokument\u00e1l\u00e1s<\/h3><div class=\"special-heading-border\"><div class=\"special-heading-inner-border\"><\/div><\/div><\/div><br \/>\n\n<style type=\"text\/css\" data-created_by=\"avia_inline_auto\" id=\"style-css-av-1g495-1ebeaaee5ae6941d180a7b0791450f7c\">\n#top .hr.av-1g495-1ebeaaee5ae6941d180a7b0791450f7c{\nmargin-top:10px;\nmargin-bottom:10px;\n}\n.hr.av-1g495-1ebeaaee5ae6941d180a7b0791450f7c .hr-inner{\nwidth:50px;\nborder-color:#efbb20;\n}\n<\/style>\n<div  class='hr av-1g495-1ebeaaee5ae6941d180a7b0791450f7c hr-custom  avia-builder-el-5  el_after_av_heading  el_before_av_textblock  hr-left hr-icon-no'><span class='hr-inner inner-border-av-border-fat'><span class=\"hr-inner-style\"><\/span><\/span><\/div><br \/>\n<section  class='av_textblock_section av-14lil-4531a1ee3a56690c3000dcc0292586f2 '   itemscope=\"itemscope\" itemtype=\"https:\/\/schema.org\/CreativeWork\" ><div class='avia_textblock'  itemprop=\"text\" ><p>Az \u00e9p\u00fcletfelm\u00e9r\u00e9s \u00e9s dokument\u00e1l\u00e1s egy alapvet\u0151 l\u00e9p\u00e9s a tervez\u00e9s, fel\u00faj\u00edt\u00e1s vagy rekonstrukci\u00f3 el\u0151tt. Modern technol\u00f3gi\u00e1kkal, mint p\u00e9ld\u00e1ul a\u00a0<strong>l\u00e9zerszkennel\u00e9s<\/strong>\u00a0\u00e9s\u00a0<strong>3D modellez\u00e9s<\/strong>, pontosan r\u00f6gz\u00edthetj\u00fck az \u00e9p\u00fcletek aktu\u00e1lis \u00e1llapot\u00e1t, szerkezeti jellemz\u0151it \u00e9s m\u00e9reteit.<\/p>\n<\/div><\/section><\/p><\/div>\n\n<style type=\"text\/css\" data-created_by=\"avia_inline_auto\" id=\"style-css-av-ig9od-f2744b8f25c03cafb8c9887c70e730f4\">\n.flex_column.av-ig9od-f2744b8f25c03cafb8c9887c70e730f4{\nborder-radius:0px 0px 0px 0px;\npadding:0px 0px 0px 0px;\n}\n<\/style>\n<div  class='flex_column av-ig9od-f2744b8f25c03cafb8c9887c70e730f4 av_one_half  avia-builder-el-7  el_after_av_one_half  el_before_av_one_half  flex_column_div av-animated-generic bottom-to-top av-zero-column-padding  '     ><p>\n<style type=\"text\/css\" data-created_by=\"avia_inline_auto\" id=\"style-css-av-1qtil-9b32c2bab84f230c1aa7bf396a8bd4bc\">\n.avia-image-container.av-1qtil-9b32c2bab84f230c1aa7bf396a8bd4bc img.avia_image{\nbox-shadow:none;\n}\n.avia-image-container.av-1qtil-9b32c2bab84f230c1aa7bf396a8bd4bc .av-image-caption-overlay-center{\ncolor:#ffffff;\n}\n<\/style>\n<div  class='avia-image-container av-1qtil-9b32c2bab84f230c1aa7bf396a8bd4bc av-styling-no-styling av-img-linked avia-align-center  avia-builder-el-8  el_before_av_heading  avia-builder-el-first '   itemprop=\"image\" itemscope=\"itemscope\" itemtype=\"https:\/\/schema.org\/ImageObject\" ><div class=\"avia-image-container-inner\"><div class=\"avia-image-overlay-wrap\"><a href=\"https:\/\/formaconsulting.hu\/?page_id=113\" class='avia_image '  aria-label='Epitesz_2'><img decoding=\"async\" fetchpriority=\"high\" class='wp-image-408 avia-img-lazy-loading-not-408 avia_image ' src=\"https:\/\/formaconsulting.hu\/wp-content\/uploads\/2025\/07\/Epitesz_2-1500x630.jpg\" alt='' title='Epitesz_2'  height=\"630\" width=\"1500\"  itemprop=\"thumbnailUrl\"  \/><\/a><\/div><\/div><\/div><br \/>\n\n<style type=\"text\/css\" data-created_by=\"avia_inline_auto\" id=\"style-css-av-h8xhp-7a92a393c72662332e2b72d2063302e8\">\n#top .av-special-heading.av-h8xhp-7a92a393c72662332e2b72d2063302e8{\npadding-bottom:0;\n}\nbody .av-special-heading.av-h8xhp-7a92a393c72662332e2b72d2063302e8 .av-special-heading-tag .heading-char{\nfont-size:25px;\n}\n.av-special-heading.av-h8xhp-7a92a393c72662332e2b72d2063302e8 .av-subheading{\nfont-size:15px;\n}\n<\/style>\n<div  class='av-special-heading av-h8xhp-7a92a393c72662332e2b72d2063302e8 av-special-heading-h3 blockquote modern-quote  avia-builder-el-9  el_after_av_image  el_before_av_hr '><h3 class='av-special-heading-tag '  itemprop=\"headline\"  >\u00c9p\u00edt\u00e9szeti tervez\u00e9s<\/h3><div class=\"special-heading-border\"><div class=\"special-heading-inner-border\"><\/div><\/div><\/div><br \/>\n\n<style type=\"text\/css\" data-created_by=\"avia_inline_auto\" id=\"style-css-av-gjeth-9b74f75efd79b1536c56978df00522d0\">\n#top .hr.av-gjeth-9b74f75efd79b1536c56978df00522d0{\nmargin-top:10px;\nmargin-bottom:10px;\n}\n.hr.av-gjeth-9b74f75efd79b1536c56978df00522d0 .hr-inner{\nwidth:50px;\nborder-color:#efbb20;\n}\n<\/style>\n<div  class='hr av-gjeth-9b74f75efd79b1536c56978df00522d0 hr-custom  avia-builder-el-10  el_after_av_heading  el_before_av_textblock  hr-left hr-icon-no'><span class='hr-inner inner-border-av-border-fat'><span class=\"hr-inner-style\"><\/span><\/span><\/div><br \/>\n<section  class='av_textblock_section av-fjset-59e361deb1bd4567bc91463ce464fc2b '   itemscope=\"itemscope\" itemtype=\"https:\/\/schema.org\/CreativeWork\" ><div class='avia_textblock'  itemprop=\"text\" ><p>Az \u00e9p\u00edt\u00e9szeti tervez\u00e9s a funkcionalit\u00e1s, eszt\u00e9tika \u00e9s fenntarthat\u00f3s\u00e1g t\u00f6k\u00e9letes egyens\u00faly\u00e1t keresi, hogy olyan \u00e9p\u00fcleteket hozzon l\u00e9tre, amelyek nemcsak sz\u00e9pek, hanem hat\u00e9konyak \u00e9s k\u00f6rnyezetbar\u00e1tak is. C\u00e9g\u00fcnk a leg\u00fajabb technol\u00f3gi\u00e1kkal \u00e9s kreat\u00edv megold\u00e1sokkal seg\u00edt \u00fcgyfeleinknek \u00e1lmaik otthona vagy v\u00e1llalkoz\u00e1sa megtervez\u00e9s\u00e9ben.<\/p>\n<\/div><\/section><\/p><\/div>\n<style type=\"text\/css\" data-created_by=\"avia_inline_auto\" id=\"style-css-av-fengh-a89d3e2bc741c176ce4db7b7381a15b6\">\n.flex_column.av-fengh-a89d3e2bc741c176ce4db7b7381a15b6{\nborder-radius:0px 0px 0px 0px;\npadding:0px 0px 0px 0px;\n}\n<\/style>\n<div  class='flex_column av-fengh-a89d3e2bc741c176ce4db7b7381a15b6 av_one_half  avia-builder-el-12  el_after_av_one_half  el_before_av_one_half  first flex_column_div av-animated-generic bottom-to-top av-zero-column-padding  column-top-margin'     ><p>\n<style type=\"text\/css\" data-created_by=\"avia_inline_auto\" id=\"style-css-av-eselx-39113f6348e0edd5e62a0a16a02c3999\">\n.avia-image-container.av-eselx-39113f6348e0edd5e62a0a16a02c3999 img.avia_image{\nbox-shadow:none;\n}\n.avia-image-container.av-eselx-39113f6348e0edd5e62a0a16a02c3999 .av-image-caption-overlay-center{\ncolor:#ffffff;\n}\n<\/style>\n<div  class='avia-image-container av-eselx-39113f6348e0edd5e62a0a16a02c3999 av-styling-no-styling av-img-linked avia-align-center  avia-builder-el-13  el_before_av_heading  avia-builder-el-first '   itemprop=\"image\" itemscope=\"itemscope\" itemtype=\"https:\/\/schema.org\/ImageObject\" ><div class=\"avia-image-container-inner\"><div class=\"avia-image-overlay-wrap\"><a href=\"https:\/\/formaconsulting.hu\/?page_id=135\" class='avia_image '  aria-label='banya_2'><img decoding=\"async\" fetchpriority=\"high\" class='wp-image-412 avia-img-lazy-loading-not-412 avia_image ' src=\"https:\/\/formaconsulting.hu\/wp-content\/uploads\/2025\/07\/banya_2-1500x630.jpg\" alt='' title='banya_2'  height=\"630\" width=\"1500\"  itemprop=\"thumbnailUrl\"  \/><\/a><\/div><\/div><\/div><br \/>\n\n<style type=\"text\/css\" data-created_by=\"avia_inline_auto\" id=\"style-css-av-e6tix-7c13454d3f8d2269ca92158df6a04765\">\n#top .av-special-heading.av-e6tix-7c13454d3f8d2269ca92158df6a04765{\npadding-bottom:0;\n}\nbody .av-special-heading.av-e6tix-7c13454d3f8d2269ca92158df6a04765 .av-special-heading-tag .heading-char{\nfont-size:25px;\n}\n.av-special-heading.av-e6tix-7c13454d3f8d2269ca92158df6a04765 .av-subheading{\nfont-size:15px;\n}\n<\/style>\n<div  class='av-special-heading av-e6tix-7c13454d3f8d2269ca92158df6a04765 av-special-heading-h3 blockquote modern-quote  avia-builder-el-14  el_after_av_image  el_before_av_hr '><h3 class='av-special-heading-tag '  itemprop=\"headline\"  >G\u00e9p\u00e9szeti  \u00e9s szerkezeti felm\u00e9r\u00e9sek<\/h3><div class=\"special-heading-border\"><div class=\"special-heading-inner-border\"><\/div><\/div><\/div><br \/>\n\n<style type=\"text\/css\" data-created_by=\"avia_inline_auto\" id=\"style-css-av-d7r6h-2c16e30567727d956a7985302ad36f13\">\n#top .hr.av-d7r6h-2c16e30567727d956a7985302ad36f13{\nmargin-top:10px;\nmargin-bottom:10px;\n}\n.hr.av-d7r6h-2c16e30567727d956a7985302ad36f13 .hr-inner{\nwidth:50px;\nborder-color:#efbb20;\n}\n<\/style>\n<div  class='hr av-d7r6h-2c16e30567727d956a7985302ad36f13 hr-custom  avia-builder-el-15  el_after_av_heading  el_before_av_textblock  hr-left hr-icon-no'><span class='hr-inner inner-border-av-border-fat'><span class=\"hr-inner-style\"><\/span><\/span><\/div><br \/>\n<section  class='av_textblock_section av-cup1h-36231cdd2204fef39096ed566aefff94 '   itemscope=\"itemscope\" itemtype=\"https:\/\/schema.org\/CreativeWork\" ><div class='avia_textblock'  itemprop=\"text\" ><p>A g\u00e9p\u00e9szeti \u00e9s szerkezeti felm\u00e9r\u00e9sek kulcsfontoss\u00e1g\u00faak a g\u00e9pek, ipari l\u00e9tes\u00edtm\u00e9nyek \u00e9s szerkezetek hat\u00e9kony m\u0171k\u00f6d\u00e9s\u00e9nek \u00e9s biztons\u00e1g\u00e1nak biztos\u00edt\u00e1s\u00e1hoz. Modern technol\u00f3gi\u00e1kkal, mint p\u00e9ld\u00e1ul a\u00a0<strong>l\u00e9zerszkennel\u00e9s<\/strong>\u00a0\u00e9s\u00a0<strong>3D modellez\u00e9s<\/strong>, pontosan elemezhetj\u00fck \u00e9s dokument\u00e1lhatjuk a g\u00e9pek \u00e9s szerkezetek aktu\u00e1lis \u00e1llapot\u00e1t.<\/p>\n<\/div><\/section><\/p><\/div>\n<style type=\"text\/css\" data-created_by=\"avia_inline_auto\" id=\"style-css-av-9bo79-a4347c71fd94705d9960bbb0e08ae47a\">\n.flex_column.av-9bo79-a4347c71fd94705d9960bbb0e08ae47a{\nborder-radius:0px 0px 0px 0px;\npadding:0px 0px 0px 0px;\n}\n<\/style>\n<div  class='flex_column av-9bo79-a4347c71fd94705d9960bbb0e08ae47a av_one_half  avia-builder-el-17  el_after_av_one_half  avia-builder-el-last  flex_column_div av-animated-generic bottom-to-top av-zero-column-padding  column-top-margin'     ><p>\n<style type=\"text\/css\" data-created_by=\"avia_inline_auto\" id=\"style-css-av-8uiu9-47f17c13c35e7babad873d713e6163a5\">\n.avia-image-container.av-8uiu9-47f17c13c35e7babad873d713e6163a5 img.avia_image{\nbox-shadow:none;\n}\n.avia-image-container.av-8uiu9-47f17c13c35e7babad873d713e6163a5 .av-image-caption-overlay-center{\ncolor:#ffffff;\n}\n<\/style>\n<div  class='avia-image-container av-8uiu9-47f17c13c35e7babad873d713e6163a5 av-styling-no-styling av-img-linked avia-align-center  avia-builder-el-18  el_before_av_heading  avia-builder-el-first '   itemprop=\"image\" itemscope=\"itemscope\" itemtype=\"https:\/\/schema.org\/ImageObject\" ><div class=\"avia-image-container-inner\"><div class=\"avia-image-overlay-wrap\"><a href=\"https:\/\/formaconsulting.hu\/?page_id=140\" class='avia_image '  aria-label='Gyartouzem_1_reszlet'><img decoding=\"async\" fetchpriority=\"high\" class='wp-image-395 avia-img-lazy-loading-not-395 avia_image ' src=\"https:\/\/formaconsulting.hu\/wp-content\/uploads\/2025\/07\/Gyartouzem_1_reszlet-1500x630.jpg\" alt='' title='Gyartouzem_1_reszlet'  height=\"630\" width=\"1500\"  itemprop=\"thumbnailUrl\"  \/><\/a><\/div><\/div><\/div><br \/>\n\n<style type=\"text\/css\" data-created_by=\"avia_inline_auto\" id=\"style-css-av-8a3vx-05a44170da6190db50698319f981479e\">\n#top .av-special-heading.av-8a3vx-05a44170da6190db50698319f981479e{\npadding-bottom:0;\n}\nbody .av-special-heading.av-8a3vx-05a44170da6190db50698319f981479e .av-special-heading-tag .heading-char{\nfont-size:25px;\n}\n.av-special-heading.av-8a3vx-05a44170da6190db50698319f981479e .av-subheading{\nfont-size:15px;\n}\n<\/style>\n<div  class='av-special-heading av-8a3vx-05a44170da6190db50698319f981479e av-special-heading-h3 blockquote modern-quote  avia-builder-el-19  el_after_av_image  el_before_av_hr '><h3 class='av-special-heading-tag '  itemprop=\"headline\"  >Innov\u00e1ci\u00f3 \u00e9s \u00e9p\u00edt\u0151ipari term\u00e9kfejleszt\u00e9s<\/h3><div class=\"special-heading-border\"><div class=\"special-heading-inner-border\"><\/div><\/div><\/div><br \/>\n\n<style type=\"text\/css\" data-created_by=\"avia_inline_auto\" id=\"style-css-av-q47x-f5b53cde3612a23b09d1e45323862fab\">\n#top .hr.av-q47x-f5b53cde3612a23b09d1e45323862fab{\nmargin-top:10px;\nmargin-bottom:10px;\n}\n.hr.av-q47x-f5b53cde3612a23b09d1e45323862fab .hr-inner{\nwidth:50px;\nborder-color:#efbb20;\n}\n<\/style>\n<div  class='hr av-q47x-f5b53cde3612a23b09d1e45323862fab hr-custom  avia-builder-el-20  el_after_av_heading  el_before_av_textblock  hr-left hr-icon-no'><span class='hr-inner inner-border-av-border-fat'><span class=\"hr-inner-style\"><\/span><\/span><\/div><br \/>\n<section  class='av_textblock_section av-6ncj5-9009f72383f8af881bcccddd1bea6d65 '   itemscope=\"itemscope\" itemtype=\"https:\/\/schema.org\/CreativeWork\" ><div class='avia_textblock'  itemprop=\"text\" ><p>Az innov\u00e1ci\u00f3 \u00e9s \u00e9p\u00edt\u0151ipari term\u00e9kfejleszt\u00e9s kulcsfontoss\u00e1g\u00fa a modern \u00e9p\u00edt\u0151ipar sz\u00e1m\u00e1ra, ahol a hat\u00e9konys\u00e1g, fenntarthat\u00f3s\u00e1g \u00e9s min\u0151s\u00e9g mind nagyobb szerepet kapnak. C\u00e9g\u00fcnk a leg\u00fajabb technol\u00f3gi\u00e1kat \u00e9s kreat\u00edv megold\u00e1sokat alkalmazva seg\u00edt \u00fcgyfeleinknek innovat\u00edv \u00e9p\u00edt\u0151ipari term\u00e9kek fejleszt\u00e9s\u00e9ben \u00e9s bevezet\u00e9s\u00e9ben.<\/p>\n<\/div><\/section><\/p><\/div><\/p>\n","protected":false},"excerpt":{"rendered":"","protected":false},"author":1,"featured_media":0,"parent":0,"menu_order":0,"comment_status":"closed","ping_status":"closed","template":"","meta":{"footnotes":""},"class_list":["post-25","page","type-page","status-publish","hentry"],"_links":{"self":[{"href":"https:\/\/formaconsulting.hu\/index.php?rest_route=\/wp\/v2\/pages\/25","targetHints":{"allow":["GET"]}}],"collection":[{"href":"https:\/\/formaconsulting.hu\/index.php?rest_route=\/wp\/v2\/pages"}],"about":[{"href":"https:\/\/formaconsulting.hu\/index.php?rest_route=\/wp\/v2\/types\/page"}],"author":[{"embeddable":true,"href":"https:\/\/formaconsulting.hu\/index.php?rest_route=\/wp\/v2\/users\/1"}],"replies":[{"embeddable":true,"href":"https:\/\/formaconsulting.hu\/index.php?rest_route=%2Fwp%2Fv2%2Fcomments&post=25"}],"version-history":[{"count":13,"href":"https:\/\/formaconsulting.hu\/index.php?rest_route=\/wp\/v2\/pages\/25\/revisions"}],"predecessor-version":[{"id":413,"href":"https:\/\/formaconsulting.hu\/index.php?rest_route=\/wp\/v2\/pages\/25\/revisions\/413"}],"wp:attachment":[{"href":"https:\/\/formaconsulting.hu\/index.php?rest_route=%2Fwp%2Fv2%2Fmedia&parent=25"}],"curies":[{"name":"wp","href":"https:\/\/api.w.org\/{rel}","templated":true}]}}