{"id":23,"date":"2025-02-15T15:32:40","date_gmt":"2025-02-15T15:32:40","guid":{"rendered":"http:\/\/wpoffice\/construction\/?page_id=23"},"modified":"2025-02-21T10:57:42","modified_gmt":"2025-02-21T10:57:42","slug":"kapcsolat","status":"publish","type":"page","link":"https:\/\/formaconsulting.hu\/?page_id=23","title":{"rendered":"Kapcsolat"},"content":{"rendered":"\n<style type=\"text\/css\" data-created_by=\"avia_inline_auto\" id=\"style-css-av-9eu0f-32497b096e6bc27345890eabf0c13757\">\n.flex_column.av-9eu0f-32497b096e6bc27345890eabf0c13757{\nborder-radius:0px 0px 0px 0px;\npadding:0px 0px 0px 0px;\n}\n<\/style>\n<div  class='flex_column av-9eu0f-32497b096e6bc27345890eabf0c13757 av_two_third  avia-builder-el-0  el_before_av_one_third  avia-builder-el-first  first flex_column_div av-animated-generic bottom-to-top av-zero-column-padding  '     ><p>\n<style type=\"text\/css\" data-created_by=\"avia_inline_auto\" id=\"style-css-av-8oxzn-062db567d291cc0e629361e83d9969ad\">\n#top .av-special-heading.av-8oxzn-062db567d291cc0e629361e83d9969ad{\npadding-bottom:0;\n}\nbody .av-special-heading.av-8oxzn-062db567d291cc0e629361e83d9969ad .av-special-heading-tag .heading-char{\nfont-size:25px;\n}\n.av-special-heading.av-8oxzn-062db567d291cc0e629361e83d9969ad .av-subheading{\nfont-size:15px;\n}\n<\/style>\n<div  class='av-special-heading av-8oxzn-062db567d291cc0e629361e83d9969ad av-special-heading-h3 blockquote modern-quote  avia-builder-el-1  el_before_av_hr  avia-builder-el-first '><h3 class='av-special-heading-tag '  itemprop=\"headline\"  >L\u00e9pjen kapcsolatba vel\u00fcnk<\/h3><div class=\"special-heading-border\"><div class=\"special-heading-inner-border\"><\/div><\/div><\/div><br \/>\n\n<style type=\"text\/css\" data-created_by=\"avia_inline_auto\" id=\"style-css-av-7vh17-fac53d0a021561e310dd63e5d309bc2d\">\n#top .hr.av-7vh17-fac53d0a021561e310dd63e5d309bc2d{\nmargin-top:10px;\nmargin-bottom:10px;\n}\n.hr.av-7vh17-fac53d0a021561e310dd63e5d309bc2d .hr-inner{\nwidth:50px;\nborder-color:#efbb20;\n}\n<\/style>\n<div  class='hr av-7vh17-fac53d0a021561e310dd63e5d309bc2d hr-custom  avia-builder-el-2  el_after_av_heading  el_before_av_contact  hr-left hr-icon-no'><span class='hr-inner inner-border-av-border-fat'><span class=\"hr-inner-style\"><\/span><\/span><\/div><br \/>\n<form action=\"https:\/\/formaconsulting.hu\/?page_id=23\" method=\"post\" data-fields-with-error=\"Found errors in the following field(s):\" class=\"avia_ajax_form av-form-labels-visible   avia-builder-el-3  el_after_av_hr  avia-builder-el-last   \" data-avia-form-id=\"1\" data-avia-redirect=''  aria-label='Kapcsolat \u0170rlap' ><fieldset><p class='  first_form  form_element form_element_half' id='element_avia_1_1'><label for=\"avia_1_1\">N\u00e9v <abbr class=\"required\" title=\"required\">*<\/abbr><\/label> <input name=\"avia_1_1\" class=\"text_input is_empty\" type=\"text\" id=\"avia_1_1\" value=\"\" \/><\/p><p class='  form_element form_element_half' id='element_avia_2_1'><label for=\"avia_2_1\">E-Mail <abbr class=\"required\" title=\"required\">*<\/abbr><\/label> <input name=\"avia_2_1\" class=\"text_input is_email\" type=\"text\" id=\"avia_2_1\" value=\"\" \/><\/p><p class='  first_form  form_element form_element_half' id='element_avia_3_1'><label for=\"avia_3_1\">T\u00e1rgy <abbr class=\"required\" title=\"required\">*<\/abbr><\/label> <input name=\"avia_3_1\" class=\"text_input is_empty\" type=\"text\" id=\"avia_3_1\" value=\"\" \/><\/p><p class='  first_form  form_element form_fullwidth av-last-visible-form-element' id='element_avia_4_1'><label for=\"avia_4_1\" class=\"textare_label hidden textare_label_avia_4_1\">\u00dczenet <abbr class=\"required\" title=\"required\">*<\/abbr><\/label><textarea  name=\"avia_4_1\" class=\"text_area is_empty\" cols=\"40\" rows=\"7\" id=\"avia_4_1\" ><\/textarea><\/p><p class=\"hidden\"><input type=\"text\" name=\"avia_5_1\" class=\"hidden \" id=\"avia_5_1\" value=\"\" \/><\/p><p class=\"form_element \"><input type=\"hidden\" value=\"1\" name=\"avia_generated_form1\" \/><input type=\"submit\" value=\"K\u00fcld\u00e9s\" class=\"button\"  data-sending-label=\"K\u00fcld\u00e9s\"\/><\/p><\/fieldset><\/form><div id=\"ajaxresponse_1\" class=\"ajaxresponse ajaxresponse_1 hidden\"><\/div><\/p><\/div>\n\n<style type=\"text\/css\" data-created_by=\"avia_inline_auto\" id=\"style-css-av-3wtm7-55a0c69910f3437fd22dbb9a34f9c15d\">\n.flex_column.av-3wtm7-55a0c69910f3437fd22dbb9a34f9c15d{\nborder-radius:0px 0px 0px 0px;\npadding:0px 0px 0px 0px;\n}\n<\/style>\n<div  class='flex_column av-3wtm7-55a0c69910f3437fd22dbb9a34f9c15d av_one_third  avia-builder-el-4  el_after_av_two_third  avia-builder-el-last  flex_column_div av-animated-generic bottom-to-top av-zero-column-padding  '     ><p>\n<style type=\"text\/css\" data-created_by=\"avia_inline_auto\" id=\"style-css-av-32lnj-3ae9187f56f7d5d377e195f8d151a379\">\n#top .av-special-heading.av-32lnj-3ae9187f56f7d5d377e195f8d151a379{\npadding-bottom:0;\n}\nbody .av-special-heading.av-32lnj-3ae9187f56f7d5d377e195f8d151a379 .av-special-heading-tag .heading-char{\nfont-size:25px;\n}\n.av-special-heading.av-32lnj-3ae9187f56f7d5d377e195f8d151a379 .av-subheading{\nfont-size:15px;\n}\n<\/style>\n<div  class='av-special-heading av-32lnj-3ae9187f56f7d5d377e195f8d151a379 av-special-heading-h3 blockquote modern-quote  avia-builder-el-5  el_before_av_hr  avia-builder-el-first '><h3 class='av-special-heading-tag '  itemprop=\"headline\"  >El\u00e9rhet\u0151s\u00e9geink<\/h3><div class=\"special-heading-border\"><div class=\"special-heading-inner-border\"><\/div><\/div><\/div><br \/>\n\n<style type=\"text\/css\" data-created_by=\"avia_inline_auto\" id=\"style-css-av-2ie3v-c9850c5d3a869d063565158564225ac6\">\n#top .hr.av-2ie3v-c9850c5d3a869d063565158564225ac6{\nmargin-top:10px;\nmargin-bottom:10px;\n}\n.hr.av-2ie3v-c9850c5d3a869d063565158564225ac6 .hr-inner{\nwidth:50px;\nborder-color:#efbb20;\n}\n<\/style>\n<div  class='hr av-2ie3v-c9850c5d3a869d063565158564225ac6 hr-custom  avia-builder-el-6  el_after_av_heading  el_before_av_textblock  hr-left hr-icon-no'><span class='hr-inner inner-border-av-border-fat'><span class=\"hr-inner-style\"><\/span><\/span><\/div><br \/>\n<section  class='av_textblock_section av-2c7qb-163df2b44f8786960cf2d3395c990b94 '   itemscope=\"itemscope\" itemtype=\"https:\/\/schema.org\/CreativeWork\" ><div class='avia_textblock'  itemprop=\"text\" ><p>Amennyiben nem k\u00edv\u00e1n \u00fczenetet k\u00fcldeni, az al\u00e1bbi el\u00e9rhet\u0151s\u00e9gek \u00e1llnak rendelkez\u00e9s\u00e9re.<\/p>\n<\/div><\/section><br \/>\n\n<style type=\"text\/css\" data-created_by=\"avia_inline_auto\" id=\"style-css-av-54w7-024df9172e92a2f64de34eabb84370c7\">\n#top .hr.av-54w7-024df9172e92a2f64de34eabb84370c7{\nmargin-top:10px;\nmargin-bottom:10px;\n}\n.hr.av-54w7-024df9172e92a2f64de34eabb84370c7 .hr-inner{\nwidth:50px;\nborder-color:#efbb20;\n}\n<\/style>\n<div  class='hr av-54w7-024df9172e92a2f64de34eabb84370c7 hr-custom  avia-builder-el-8  el_after_av_textblock  el_before_av_textblock  hr-left hr-icon-no'><span class='hr-inner inner-border-av-border-fat'><span class=\"hr-inner-style\"><\/span><\/span><\/div><br \/>\n<section  class='av_textblock_section av-1581n-0f2b74ba7eefef7caa21ceb9e6bcee1d '   itemscope=\"itemscope\" itemtype=\"https:\/\/schema.org\/CreativeWork\" ><div class='avia_textblock'  itemprop=\"text\" ><p><strong>C\u00edm:<br \/>\n<\/strong>8193. S\u00f3ly, Vas\u00fat utca 16.<\/p>\n<p><strong>e-mail:<br \/>\n<\/strong>info@formaconsulting.hu<br \/>\n<strong>telefon:<\/strong><br \/>\n+36 30 520-6047<\/p>\n<\/div><\/section><\/p><\/div>\n","protected":false},"excerpt":{"rendered":"","protected":false},"author":1,"featured_media":0,"parent":0,"menu_order":0,"comment_status":"closed","ping_status":"closed","template":"","meta":{"footnotes":""},"class_list":["post-23","page","type-page","status-publish","hentry"],"_links":{"self":[{"href":"https:\/\/formaconsulting.hu\/index.php?rest_route=\/wp\/v2\/pages\/23","targetHints":{"allow":["GET"]}}],"collection":[{"href":"https:\/\/formaconsulting.hu\/index.php?rest_route=\/wp\/v2\/pages"}],"about":[{"href":"https:\/\/formaconsulting.hu\/index.php?rest_route=\/wp\/v2\/types\/page"}],"author":[{"embeddable":true,"href":"https:\/\/formaconsulting.hu\/index.php?rest_route=\/wp\/v2\/users\/1"}],"replies":[{"embeddable":true,"href":"https:\/\/formaconsulting.hu\/index.php?rest_route=%2Fwp%2Fv2%2Fcomments&post=23"}],"version-history":[{"count":6,"href":"https:\/\/formaconsulting.hu\/index.php?rest_route=\/wp\/v2\/pages\/23\/revisions"}],"predecessor-version":[{"id":320,"href":"https:\/\/formaconsulting.hu\/index.php?rest_route=\/wp\/v2\/pages\/23\/revisions\/320"}],"wp:attachment":[{"href":"https:\/\/formaconsulting.hu\/index.php?rest_route=%2Fwp%2Fv2%2Fmedia&parent=23"}],"curies":[{"name":"wp","href":"https:\/\/api.w.org\/{rel}","templated":true}]}}