{"id":144,"date":"2015-10-22T15:32:53","date_gmt":"2015-10-22T15:32:53","guid":{"rendered":"http:\/\/test.kriesi.at\/construction\/?page_id=144"},"modified":"2025-02-25T18:02:36","modified_gmt":"2025-02-25T18:02:36","slug":"big-projects","status":"publish","type":"page","link":"https:\/\/formaconsulting.hu\/?page_id=144","title":{"rendered":"\u00c9p\u00fcletfelm\u00e9r\u00e9s \u00e9s dokument\u00e1l\u00e1s"},"content":{"rendered":"<div  class='avia-slideshow av-3a4wa0-0bcb335c23022ff99935c05876d6ed22 avia-slideshow-featured_large av_slideshow avia-fade-slider  avia-builder-el-0  el_before_av_one_full  avia-builder-el-first  av-slideshow-ui av-control-hidden av-no-slider-navigation av-hide-nav-arrows av-slideshow-autoplay av-loop-endless av-loop-manual-endless av-default-height-applied avia-slideshow-1' data-slideshow-options=\"{&quot;animation&quot;:&quot;fade&quot;,&quot;autoplay&quot;:true,&quot;loop_autoplay&quot;:&quot;endless&quot;,&quot;interval&quot;:5,&quot;loop_manual&quot;:&quot;manual-endless&quot;,&quot;autoplay_stopper&quot;:false,&quot;noNavigation&quot;:true,&quot;bg_slider&quot;:false,&quot;keep_padding&quot;:false,&quot;hoverpause&quot;:false,&quot;show_slide_delay&quot;:0}\"  itemprop=\"image\" itemscope=\"itemscope\" itemtype=\"https:\/\/schema.org\/ImageObject\" ><ul class='avia-slideshow-inner ' style='padding-bottom: 42%;'><li  class='avia-slideshow-slide av-3a4wa0-0bcb335c23022ff99935c05876d6ed22__0  slide-1 slide-odd'><div data-rel='slideshow-1' class='avia-slide-wrap '   ><img decoding=\"async\" fetchpriority=\"high\" class=\"wp-image-85 avia-img-lazy-loading-not-85\"  src=\"https:\/\/formaconsulting.hu\/wp-content\/uploads\/2015\/10\/urban-development-1500x630.jpg\" width=\"1500\" height=\"630\" title='Urban development' alt=''  itemprop=\"thumbnailUrl\"   \/><\/div><\/li><li  class='avia-slideshow-slide av-3a4wa0-0bcb335c23022ff99935c05876d6ed22__1  slide-2 slide-even'><div data-rel='slideshow-1' class='avia-slide-wrap '   ><img decoding=\"async\" fetchpriority=\"high\" class=\"wp-image-80 avia-img-lazy-loading-not-80\"  src=\"https:\/\/formaconsulting.hu\/wp-content\/uploads\/2015\/10\/construction-site-machines-1500x630.jpg\" width=\"1500\" height=\"630\" title='Construction site machines' alt=''  itemprop=\"thumbnailUrl\"   \/><\/div><\/li><li  class='avia-slideshow-slide av-3a4wa0-0bcb335c23022ff99935c05876d6ed22__2  slide-3 slide-odd'><div data-rel='slideshow-1' class='avia-slide-wrap '   ><img decoding=\"async\" fetchpriority=\"high\" class=\"wp-image-81 avia-img-lazy-loading-not-81\"  src=\"https:\/\/formaconsulting.hu\/wp-content\/uploads\/2015\/10\/cropped-hand-of-a-carpenter-1500x630.jpg\" width=\"1500\" height=\"630\" title='Cropped hand of a carpenter' alt=''  itemprop=\"thumbnailUrl\"   \/><\/div><\/li><\/ul><div class='avia-slideshow-arrows avia-slideshow-controls' ><a href='#prev' class='prev-slide ' aria-hidden='true' data-av_icon='\ue87c' data-av_iconfont='entypo-fontello'  tabindex='-1'>El\u0151z\u0151<\/a><a href='#next' class='next-slide ' aria-hidden='true' data-av_icon='\ue87d' data-av_iconfont='entypo-fontello'  tabindex='-1'>K\u00f6vetkez\u0151<\/a><\/div><\/div>\n\n<style type=\"text\/css\" data-created_by=\"avia_inline_auto\" id=\"style-css-av-2iig4g-8d1d77687dad9436efd641ead5c84636\">\n#top .flex_column.av-2iig4g-8d1d77687dad9436efd641ead5c84636{\nmargin-top:0px;\nmargin-bottom:0px;\n}\n.flex_column.av-2iig4g-8d1d77687dad9436efd641ead5c84636{\nborder-radius:0px 0px 0px 0px;\npadding:0px 0px 0px 0px;\n}\n.responsive #top #wrap_all .flex_column.av-2iig4g-8d1d77687dad9436efd641ead5c84636{\nmargin-top:0px;\nmargin-bottom:0px;\n}\n<\/style>\n<div  class='flex_column av-2iig4g-8d1d77687dad9436efd641ead5c84636 av_one_full  avia-builder-el-1  el_after_av_slideshow  el_before_av_one_half  first flex_column_div av-animated-generic bottom-to-top av-zero-column-padding  '     ><p>\n<style type=\"text\/css\" data-created_by=\"avia_inline_auto\" id=\"style-css-av-8pxt4-316bede17df95c5dd912aaf26e9aa272\">\n#top .av-special-heading.av-8pxt4-316bede17df95c5dd912aaf26e9aa272{\npadding-bottom:0;\n}\nbody .av-special-heading.av-8pxt4-316bede17df95c5dd912aaf26e9aa272 .av-special-heading-tag .heading-char{\nfont-size:25px;\n}\n.av-special-heading.av-8pxt4-316bede17df95c5dd912aaf26e9aa272 .av-subheading{\nfont-size:15px;\n}\n<\/style>\n<div  class='av-special-heading av-8pxt4-316bede17df95c5dd912aaf26e9aa272 av-special-heading-h2 blockquote modern-quote  avia-builder-el-2  el_before_av_hr  avia-builder-el-first '><h2 class='av-special-heading-tag '  itemprop=\"headline\"  >\u00c9p\u00fcletfelm\u00e9r\u00e9s \u00e9s dokument\u00e1l\u00e1s<\/h2><div class=\"special-heading-border\"><div class=\"special-heading-inner-border\"><\/div><\/div><\/div><br \/>\n\n<style type=\"text\/css\" data-created_by=\"avia_inline_auto\" id=\"style-css-av-2a7d5c-26c528597b6da09a4a85a2845e3b1cea\">\n#top .hr.av-2a7d5c-26c528597b6da09a4a85a2845e3b1cea{\nmargin-top:10px;\nmargin-bottom:10px;\n}\n.hr.av-2a7d5c-26c528597b6da09a4a85a2845e3b1cea .hr-inner{\nwidth:50px;\nborder-color:#efbb20;\n}\n<\/style>\n<div  class='hr av-2a7d5c-26c528597b6da09a4a85a2845e3b1cea hr-custom  avia-builder-el-3  el_after_av_heading  avia-builder-el-last  hr-left hr-icon-no'><span class='hr-inner inner-border-av-border-fat'><span class=\"hr-inner-style\"><\/span><\/span><\/div><\/p><\/div>\n\n<style type=\"text\/css\" data-created_by=\"avia_inline_auto\" id=\"style-css-av-24lagg-dd2f4f85e14e1577e0ccbe5466d01cbe\">\n#top .flex_column.av-24lagg-dd2f4f85e14e1577e0ccbe5466d01cbe{\nmargin-top:0px;\nmargin-bottom:0px;\n}\n.flex_column.av-24lagg-dd2f4f85e14e1577e0ccbe5466d01cbe{\nborder-radius:0px 0px 0px 0px;\npadding:0px 0px 0px 0px;\n}\n.responsive #top #wrap_all .flex_column.av-24lagg-dd2f4f85e14e1577e0ccbe5466d01cbe{\nmargin-top:0px;\nmargin-bottom:0px;\n}\n<\/style>\n<div  class='flex_column av-24lagg-dd2f4f85e14e1577e0ccbe5466d01cbe av_one_half  avia-builder-el-4  el_after_av_one_full  el_before_av_one_half  first flex_column_div av-animated-generic bottom-to-top av-zero-column-padding  column-top-margin'     ><section  class='av_textblock_section av-1ys1a0-8be39adb20ee94f73ec11d3c9df40edf '   itemscope=\"itemscope\" itemtype=\"https:\/\/schema.org\/CreativeWork\" ><div class='avia_textblock'  itemprop=\"text\" ><p>Az \u00e9p\u00fcletfelm\u00e9r\u00e9s \u00e9s dokument\u00e1l\u00e1s egy alapvet\u0151 l\u00e9p\u00e9s a tervez\u00e9s, fel\u00faj\u00edt\u00e1s vagy rekonstrukci\u00f3 el\u0151tt. Modern technol\u00f3gi\u00e1kkal, mint p\u00e9ld\u00e1ul a\u00a0<strong>l\u00e9zerszkennel\u00e9s<\/strong>\u00a0\u00e9s\u00a0<strong>3D modellez\u00e9s<\/strong>, pontosan r\u00f6gz\u00edthetj\u00fck az \u00e9p\u00fcletek aktu\u00e1lis \u00e1llapot\u00e1t, szerkezeti jellemz\u0151it \u00e9s m\u00e9reteit.<\/p>\n<\/div><\/section><\/div>\n<style type=\"text\/css\" data-created_by=\"avia_inline_auto\" id=\"style-css-av-1t7840-ad75ca67b59a4a060cb666e0d4bd169b\">\n#top .flex_column.av-1t7840-ad75ca67b59a4a060cb666e0d4bd169b{\nmargin-top:0px;\nmargin-bottom:0px;\n}\n.flex_column.av-1t7840-ad75ca67b59a4a060cb666e0d4bd169b{\nborder-radius:0px 0px 0px 0px;\npadding:0px 0px 0px 0px;\n}\n.responsive #top #wrap_all .flex_column.av-1t7840-ad75ca67b59a4a060cb666e0d4bd169b{\nmargin-top:0px;\nmargin-bottom:0px;\n}\n<\/style>\n<div  class='flex_column av-1t7840-ad75ca67b59a4a060cb666e0d4bd169b av_one_half  avia-builder-el-6  el_after_av_one_half  el_before_av_one_half  flex_column_div av-animated-generic bottom-to-top av-zero-column-padding  column-top-margin'     ><section  class='av_textblock_section av-1l1bv4-32c20ad9864e9c33da46fdb37e607a1a '   itemscope=\"itemscope\" itemtype=\"https:\/\/schema.org\/CreativeWork\" ><div class='avia_textblock'  itemprop=\"text\" ><h4><strong>Mi\u00e9rt fontos?<\/strong><\/h4>\n<ul>\n<li><strong>Pontos adatok:<\/strong>\u00a0A felm\u00e9r\u00e9s sor\u00e1n gy\u0171jt\u00f6tt adatok alapj\u00e1n pontos tervek k\u00e9sz\u00edthet\u0151k, ami elker\u00fcli a hib\u00e1kat a kivitelez\u00e9s sor\u00e1n.<\/li>\n<li><strong>Id\u0151- \u00e9s k\u00f6lts\u00e9gmegtakar\u00edt\u00e1s:<\/strong>\u00a0A r\u00e9szletes dokument\u00e1ci\u00f3 seg\u00edt optimaliz\u00e1lni a munkafolyamatokat \u00e9s anyagfelhaszn\u00e1l\u00e1st.<\/li>\n<li><strong>T\u00f6rt\u00e9nelmi \u00e9rt\u00e9kek meg\u0151rz\u00e9se:<\/strong>\u00a0K\u00fcl\u00f6n\u00f6sen \u00e9rt\u00e9kes m\u0171eml\u00e9kek eset\u00e9n a pontos dokument\u00e1l\u00e1s biztos\u00edtja a helyre\u00e1ll\u00edt\u00e1si munk\u00e1latok min\u0151s\u00e9g\u00e9t.<\/li>\n<\/ul>\n<\/div><\/section><\/div>\n<style type=\"text\/css\" data-created_by=\"avia_inline_auto\" id=\"style-css-av-1dfd7k-192d0420166ccf1a1b29572ade2df594\">\n.flex_column.av-1dfd7k-192d0420166ccf1a1b29572ade2df594{\nborder-radius:0px 0px 0px 0px;\npadding:0px 0px 0px 0px;\n}\n<\/style>\n<div  class='flex_column av-1dfd7k-192d0420166ccf1a1b29572ade2df594 av_one_half  avia-builder-el-8  el_after_av_one_half  el_before_av_one_half  first flex_column_div av-animated-generic bottom-to-top av-zero-column-padding  column-top-margin'     ><p>\n<style type=\"text\/css\" data-created_by=\"avia_inline_auto\" id=\"style-css-av-1bc43s-e68cc38777a9b0f20181038a3985ab26\">\n#top .av-special-heading.av-1bc43s-e68cc38777a9b0f20181038a3985ab26{\npadding-bottom:0;\n}\nbody .av-special-heading.av-1bc43s-e68cc38777a9b0f20181038a3985ab26 .av-special-heading-tag .heading-char{\nfont-size:25px;\n}\n.av-special-heading.av-1bc43s-e68cc38777a9b0f20181038a3985ab26 .av-subheading{\nfont-size:15px;\n}\n<\/style>\n<div  class='av-special-heading av-1bc43s-e68cc38777a9b0f20181038a3985ab26 av-special-heading-h2 blockquote modern-quote  avia-builder-el-9  el_before_av_hr  avia-builder-el-first '><h2 class='av-special-heading-tag '  itemprop=\"headline\"  >Alkalmaz\u00e1si ter\u00fcletek:<\/h2><div class=\"special-heading-border\"><div class=\"special-heading-inner-border\"><\/div><\/div><\/div><br \/>\n\n<style type=\"text\/css\" data-created_by=\"avia_inline_auto\" id=\"style-css-av-10kq48-42fc4a205e07a96fc20c1d0ea5863018\">\n#top .hr.av-10kq48-42fc4a205e07a96fc20c1d0ea5863018{\nmargin-top:10px;\nmargin-bottom:10px;\n}\n.hr.av-10kq48-42fc4a205e07a96fc20c1d0ea5863018 .hr-inner{\nwidth:50px;\nborder-color:#efbb20;\n}\n<\/style>\n<div  class='hr av-10kq48-42fc4a205e07a96fc20c1d0ea5863018 hr-custom  avia-builder-el-10  el_after_av_heading  el_before_av_textblock  hr-left hr-icon-no'><span class='hr-inner inner-border-av-border-fat'><span class=\"hr-inner-style\"><\/span><\/span><\/div><br \/>\n<section  class='av_textblock_section av-xp46g-0710cce52d6a105823c6cc5318b9f586 '   itemscope=\"itemscope\" itemtype=\"https:\/\/schema.org\/CreativeWork\" ><div class='avia_textblock'  itemprop=\"text\" ><ul>\n<li><strong>Fel\u00faj\u00edt\u00e1s \u00e9s rekonstrukci\u00f3<\/strong><\/li>\n<li><strong>M\u0171eml\u00e9kv\u00e9delem<\/strong><\/li>\n<li><strong>Ipari l\u00e9tes\u00edtm\u00e9nyek felm\u00e9r\u00e9se<\/strong><\/li>\n<li><strong>Ingatlanfejleszt\u00e9s<\/strong><\/li>\n<\/ul>\n<\/div><\/section><\/p><\/div>\n<style type=\"text\/css\" data-created_by=\"avia_inline_auto\" id=\"style-css-av-qyjxc-6fbaeaabffd6b309edc5fbbe7fee03af\">\n.flex_column.av-qyjxc-6fbaeaabffd6b309edc5fbbe7fee03af{\nborder-radius:0px 0px 0px 0px;\npadding:0px 0px 0px 0px;\n}\n<\/style>\n<div  class='flex_column av-qyjxc-6fbaeaabffd6b309edc5fbbe7fee03af av_one_half  avia-builder-el-12  el_after_av_one_half  el_before_av_one_full  flex_column_div av-animated-generic bottom-to-top av-zero-column-padding  column-top-margin'     ><style type=\"text\/css\" data-created_by=\"avia_inline_auto\" id=\"style-css-av-kgucg-c4dd89f4cf0e913dbdfd0929408937c5\">\n.avia-image-container.av-kgucg-c4dd89f4cf0e913dbdfd0929408937c5 img.avia_image{\nbox-shadow:none;\n}\n.avia-image-container.av-kgucg-c4dd89f4cf0e913dbdfd0929408937c5 .av-image-caption-overlay-center{\ncolor:#ffffff;\n}\n<\/style>\n<div  class='avia-image-container av-kgucg-c4dd89f4cf0e913dbdfd0929408937c5 av-styling-no-styling avia-align-center  avia-builder-el-13  avia-builder-el-no-sibling '   itemprop=\"image\" itemscope=\"itemscope\" itemtype=\"https:\/\/schema.org\/ImageObject\" ><div class=\"avia-image-container-inner\"><div class=\"avia-image-overlay-wrap\"><img decoding=\"async\" fetchpriority=\"high\" class='wp-image-80 avia-img-lazy-loading-not-80 avia_image ' src=\"https:\/\/formaconsulting.hu\/wp-content\/uploads\/2015\/10\/construction-site-machines-300x201.jpg\" alt='' title='Construction site machines'  height=\"201\" width=\"300\"  itemprop=\"thumbnailUrl\" srcset=\"https:\/\/formaconsulting.hu\/wp-content\/uploads\/2015\/10\/construction-site-machines-300x201.jpg 300w, https:\/\/formaconsulting.hu\/wp-content\/uploads\/2015\/10\/construction-site-machines-1024x686.jpg 1024w, https:\/\/formaconsulting.hu\/wp-content\/uploads\/2015\/10\/construction-site-machines-768x514.jpg 768w, https:\/\/formaconsulting.hu\/wp-content\/uploads\/2015\/10\/construction-site-machines-1536x1028.jpg 1536w, https:\/\/formaconsulting.hu\/wp-content\/uploads\/2015\/10\/construction-site-machines-1500x1004.jpg 1500w, https:\/\/formaconsulting.hu\/wp-content\/uploads\/2015\/10\/construction-site-machines-705x472.jpg 705w, https:\/\/formaconsulting.hu\/wp-content\/uploads\/2015\/10\/construction-site-machines.jpg 1728w\" sizes=\"(max-width: 300px) 100vw, 300px\" \/><\/div><\/div><\/div><\/div><\/p>\n\n<style type=\"text\/css\" data-created_by=\"avia_inline_auto\" id=\"style-css-av-f3hp4-1fa47bde46ee3c6032f32fcd479c72ec\">\n.flex_column.av-f3hp4-1fa47bde46ee3c6032f32fcd479c72ec{\nborder-width:1px;\nborder-color:#e1e1e1;\nborder-style:solid;\nborder-radius:0px 0px 0px 0px;\npadding:20px 20px 20px 20px;\nbackground-color:#fcfcfc;\n}\n<\/style>\n<div  class='flex_column av-f3hp4-1fa47bde46ee3c6032f32fcd479c72ec av_one_full  avia-builder-el-14  el_after_av_one_half  avia-builder-el-last  first flex_column_div av-animated-generic bottom-to-top  column-top-margin'     ><section  class='av_textblock_section av-9qmso-bef73c1d219d7337b3ba3ca2c7d87245 '   itemscope=\"itemscope\" itemtype=\"https:\/\/schema.org\/CreativeWork\" ><div class='avia_textblock'  itemprop=\"text\" ><h4><strong>Szolg\u00e1ltat\u00e1saink:<\/strong><\/h4>\n<ul>\n<li><strong>L\u00e9zerszkennel\u00e9s:<\/strong>\u00a0Millim\u00e9teres pontoss\u00e1g\u00fa 3D felm\u00e9r\u00e9s, amely minden r\u00e9szletet r\u00f6gz\u00edt.<\/li>\n<li><strong>3D modellez\u00e9s:<\/strong>\u00a0A gy\u0171jt\u00f6tt adatokb\u00f3l digit\u00e1lis 3D modellek k\u00e9sz\u00edt\u00e9se, amelyek k\u00f6nnyen szerkeszthet\u0151k \u00e9s elemezhet\u0151k.<\/li>\n<li><strong>Tervek \u00e9s dokument\u00e1ci\u00f3:<\/strong>\u00a0A felm\u00e9r\u00e9s alapj\u00e1n r\u00e9szletes \u00e9p\u00edt\u00e9szeti tervek \u00e9s dokument\u00e1ci\u00f3 k\u00e9sz\u00edt\u00e9se.<\/li>\n<\/ul>\n<p>V\u00e1llaljuk \u00e9p\u00fcletek felm\u00e9r\u00e9s\u00e9t \u00e9s dokument\u00e1l\u00e1s\u00e1t, hogy tervei a lehet\u0151 legpontosabb alapokon nyugodjanak.<\/p>\n<p>Tov\u00e1bbi inform\u00e1ci\u00f3\u00e9rt l\u00e9pjen kapcsolatba vel\u00fcnk!<\/p>\n<\/div><\/section><\/div>\n","protected":false},"excerpt":{"rendered":"","protected":false},"author":1,"featured_media":0,"parent":25,"menu_order":1,"comment_status":"closed","ping_status":"closed","template":"","meta":{"footnotes":""},"class_list":["post-144","page","type-page","status-publish","hentry"],"_links":{"self":[{"href":"https:\/\/formaconsulting.hu\/index.php?rest_route=\/wp\/v2\/pages\/144","targetHints":{"allow":["GET"]}}],"collection":[{"href":"https:\/\/formaconsulting.hu\/index.php?rest_route=\/wp\/v2\/pages"}],"about":[{"href":"https:\/\/formaconsulting.hu\/index.php?rest_route=\/wp\/v2\/types\/page"}],"author":[{"embeddable":true,"href":"https:\/\/formaconsulting.hu\/index.php?rest_route=\/wp\/v2\/users\/1"}],"replies":[{"embeddable":true,"href":"https:\/\/formaconsulting.hu\/index.php?rest_route=%2Fwp%2Fv2%2Fcomments&post=144"}],"version-history":[{"count":2,"href":"https:\/\/formaconsulting.hu\/index.php?rest_route=\/wp\/v2\/pages\/144\/revisions"}],"predecessor-version":[{"id":353,"href":"https:\/\/formaconsulting.hu\/index.php?rest_route=\/wp\/v2\/pages\/144\/revisions\/353"}],"up":[{"embeddable":true,"href":"https:\/\/formaconsulting.hu\/index.php?rest_route=\/wp\/v2\/pages\/25"}],"wp:attachment":[{"href":"https:\/\/formaconsulting.hu\/index.php?rest_route=%2Fwp%2Fv2%2Fmedia&parent=144"}],"curies":[{"name":"wp","href":"https:\/\/api.w.org\/{rel}","templated":true}]}}