{"id":140,"date":"2015-10-22T15:32:14","date_gmt":"2015-10-22T15:32:14","guid":{"rendered":"http:\/\/test.kriesi.at\/construction\/?page_id=140"},"modified":"2025-07-06T08:44:36","modified_gmt":"2025-07-06T08:44:36","slug":"small-projects","status":"publish","type":"page","link":"https:\/\/formaconsulting.hu\/?page_id=140","title":{"rendered":"Innov\u00e1ci\u00f3 \u00e9s \u00e9p\u00edt\u0151ipari term\u00e9kfejleszt\u00e9s"},"content":{"rendered":"<div  class='avia-slideshow av-3d432k-e58c7ff1c68e2aa9b152fe86110cd1bf avia-slideshow-featured_large av_slideshow avia-fade-slider  avia-builder-el-0  el_before_av_one_full  avia-builder-el-first  av-slideshow-ui av-control-hidden av-no-slider-navigation av-hide-nav-arrows av-slideshow-autoplay av-loop-endless av-loop-manual-endless av-default-height-applied avia-slideshow-1' data-slideshow-options=\"{&quot;animation&quot;:&quot;fade&quot;,&quot;autoplay&quot;:true,&quot;loop_autoplay&quot;:&quot;endless&quot;,&quot;interval&quot;:5,&quot;loop_manual&quot;:&quot;manual-endless&quot;,&quot;autoplay_stopper&quot;:false,&quot;noNavigation&quot;:true,&quot;bg_slider&quot;:false,&quot;keep_padding&quot;:false,&quot;hoverpause&quot;:false,&quot;show_slide_delay&quot;:0}\"  itemprop=\"image\" itemscope=\"itemscope\" itemtype=\"https:\/\/schema.org\/ImageObject\" ><ul class='avia-slideshow-inner ' style='padding-bottom: 42%;'><li  class='avia-slideshow-slide av-3d432k-e58c7ff1c68e2aa9b152fe86110cd1bf__0  slide-1 slide-odd'><div data-rel='slideshow-1' class='avia-slide-wrap '   ><img decoding=\"async\" fetchpriority=\"high\" class=\"wp-image-395 avia-img-lazy-loading-not-395\"  src=\"https:\/\/formaconsulting.hu\/wp-content\/uploads\/2025\/07\/Gyartouzem_1_reszlet-1500x630.jpg\" width=\"1500\" height=\"630\" title='Gyartouzem_1_reszlet' alt=''  itemprop=\"thumbnailUrl\"   \/><\/div><\/li><li  class='avia-slideshow-slide av-3d432k-e58c7ff1c68e2aa9b152fe86110cd1bf__1  slide-2 slide-even'><div data-rel='slideshow-1' class='avia-slide-wrap '   ><img decoding=\"async\" fetchpriority=\"high\" class=\"wp-image-397 avia-img-lazy-loading-not-397\"  src=\"https:\/\/formaconsulting.hu\/wp-content\/uploads\/2025\/07\/Fejleszto_1-1-1500x630.jpg\" width=\"1500\" height=\"630\" title='Fejleszto_1' alt=''  itemprop=\"thumbnailUrl\"   \/><\/div><\/li><li  class='avia-slideshow-slide av-3d432k-e58c7ff1c68e2aa9b152fe86110cd1bf__2  slide-3 slide-odd'><div data-rel='slideshow-1' class='avia-slide-wrap '   ><img decoding=\"async\" fetchpriority=\"high\" class=\"wp-image-404 avia-img-lazy-loading-not-404\"  src=\"https:\/\/formaconsulting.hu\/wp-content\/uploads\/2025\/07\/Fejleszto_2_reszlet-1-1500x630.jpg\" width=\"1500\" height=\"630\" title='Fejleszto_2_reszlet' alt=''  itemprop=\"thumbnailUrl\"   \/><\/div><\/li><\/ul><div class='avia-slideshow-arrows avia-slideshow-controls' ><a href='#prev' class='prev-slide ' aria-hidden='true' data-av_icon='\ue87c' data-av_iconfont='entypo-fontello'  tabindex='-1'>El\u0151z\u0151<\/a><a href='#next' class='next-slide ' aria-hidden='true' data-av_icon='\ue87d' data-av_iconfont='entypo-fontello'  tabindex='-1'>K\u00f6vetkez\u0151<\/a><\/div><\/div>\n\n<style type=\"text\/css\" data-created_by=\"avia_inline_auto\" id=\"style-css-av-2u4qrg-f89533dbe43232ac781ac17b0c575852\">\n#top .flex_column.av-2u4qrg-f89533dbe43232ac781ac17b0c575852{\nmargin-top:0px;\nmargin-bottom:0px;\n}\n.flex_column.av-2u4qrg-f89533dbe43232ac781ac17b0c575852{\nborder-radius:0px 0px 0px 0px;\npadding:0px 0px 0px 0px;\n}\n.responsive #top #wrap_all .flex_column.av-2u4qrg-f89533dbe43232ac781ac17b0c575852{\nmargin-top:0px;\nmargin-bottom:0px;\n}\n<\/style>\n<div  class='flex_column av-2u4qrg-f89533dbe43232ac781ac17b0c575852 av_one_full  avia-builder-el-1  el_after_av_slideshow  el_before_av_one_half  first flex_column_div av-animated-generic bottom-to-top av-zero-column-padding  '     ><p>\n<style type=\"text\/css\" data-created_by=\"avia_inline_auto\" id=\"style-css-av-2o7iu4-ff3c57d2d23a69d5bcc5ac0cf3a44b71\">\n#top .av-special-heading.av-2o7iu4-ff3c57d2d23a69d5bcc5ac0cf3a44b71{\npadding-bottom:0;\n}\nbody .av-special-heading.av-2o7iu4-ff3c57d2d23a69d5bcc5ac0cf3a44b71 .av-special-heading-tag .heading-char{\nfont-size:25px;\n}\n.av-special-heading.av-2o7iu4-ff3c57d2d23a69d5bcc5ac0cf3a44b71 .av-subheading{\nfont-size:15px;\n}\n<\/style>\n<div  class='av-special-heading av-2o7iu4-ff3c57d2d23a69d5bcc5ac0cf3a44b71 av-special-heading-h2 blockquote modern-quote  avia-builder-el-2  el_before_av_hr  avia-builder-el-first '><h2 class='av-special-heading-tag '  itemprop=\"headline\"  >Innov\u00e1ci\u00f3 \u00e9s \u00e9p\u00edt\u0151ipari term\u00e9kfejleszt\u00e9s<\/h2><div class=\"special-heading-border\"><div class=\"special-heading-inner-border\"><\/div><\/div><\/div><br \/>\n\n<style type=\"text\/css\" data-created_by=\"avia_inline_auto\" id=\"style-css-av-2is4vw-da92509d13c7f0d8a858b9ae316680da\">\n#top .hr.av-2is4vw-da92509d13c7f0d8a858b9ae316680da{\nmargin-top:10px;\nmargin-bottom:10px;\n}\n.hr.av-2is4vw-da92509d13c7f0d8a858b9ae316680da .hr-inner{\nwidth:50px;\nborder-color:#efbb20;\n}\n<\/style>\n<div  class='hr av-2is4vw-da92509d13c7f0d8a858b9ae316680da hr-custom  avia-builder-el-3  el_after_av_heading  avia-builder-el-last  hr-left hr-icon-no'><span class='hr-inner inner-border-av-border-fat'><span class=\"hr-inner-style\"><\/span><\/span><\/div><\/p><\/div>\n\n<style type=\"text\/css\" data-created_by=\"avia_inline_auto\" id=\"style-css-av-2fh3e4-8f8deae792e4f48c0980f072a5ec2b29\">\n#top .flex_column.av-2fh3e4-8f8deae792e4f48c0980f072a5ec2b29{\nmargin-top:0px;\nmargin-bottom:0px;\n}\n.flex_column.av-2fh3e4-8f8deae792e4f48c0980f072a5ec2b29{\nborder-radius:0px 0px 0px 0px;\npadding:0px 0px 0px 0px;\n}\n.responsive #top #wrap_all .flex_column.av-2fh3e4-8f8deae792e4f48c0980f072a5ec2b29{\nmargin-top:0px;\nmargin-bottom:0px;\n}\n<\/style>\n<div  class='flex_column av-2fh3e4-8f8deae792e4f48c0980f072a5ec2b29 av_one_half  avia-builder-el-4  el_after_av_one_full  el_before_av_one_half  first flex_column_div av-animated-generic bottom-to-top av-zero-column-padding  column-top-margin'     ><section  class='av_textblock_section av-29ll70-784216cc762b09247edec9ede95e7e2c '   itemscope=\"itemscope\" itemtype=\"https:\/\/schema.org\/CreativeWork\" ><div class='avia_textblock'  itemprop=\"text\" ><p>Az innov\u00e1ci\u00f3 \u00e9s \u00e9p\u00edt\u0151ipari term\u00e9kfejleszt\u00e9s kulcsfontoss\u00e1g\u00fa a modern \u00e9p\u00edt\u0151ipar sz\u00e1m\u00e1ra, ahol a hat\u00e9konys\u00e1g, fenntarthat\u00f3s\u00e1g \u00e9s min\u0151s\u00e9g mind nagyobb szerepet kapnak. C\u00e9g\u00fcnk a leg\u00fajabb technol\u00f3gi\u00e1kat \u00e9s kreat\u00edv megold\u00e1sokat alkalmazva seg\u00edt \u00fcgyfeleinknek innovat\u00edv \u00e9p\u00edt\u0151ipari term\u00e9kek fejleszt\u00e9s\u00e9ben \u00e9s bevezet\u00e9s\u00e9ben.<\/p>\n<h4><strong>Alkalmaz\u00e1si ter\u00fcletek:<\/strong><\/h4>\n<ul>\n<li><strong>\u00daj \u00e9p\u00edt\u0151anyagok fejleszt\u00e9se<\/strong><\/li>\n<li><strong>Energiahat\u00e9kony \u00e9p\u00fcletrendszerek<\/strong><\/li>\n<li><strong>Okos \u00e9p\u00fclettechnol\u00f3gi\u00e1k<\/strong><\/li>\n<li><strong>\u00dajrahasznos\u00edthat\u00f3 \u00e9s k\u00f6rnyezetbar\u00e1t anyagok<\/strong><\/li>\n<\/ul>\n<p>V\u00e1llaljuk az innovat\u00edv \u00e9p\u00edt\u0151ipari term\u00e9kek fejleszt\u00e9s\u00e9t, hogy \u00fcgyfeleink a lehet\u0151 legjobb \u00e9s legkorszer\u0171bb megold\u00e1sokkal rendelkezzenek.<\/p>\n<p>Tov\u00e1bbi inform\u00e1ci\u00f3\u00e9rt l\u00e9pjen kapcsolatba vel\u00fcnk!<\/p>\n<\/div><\/section><\/div>\n\n<style type=\"text\/css\" data-created_by=\"avia_inline_auto\" id=\"style-css-av-7nwz8-7872c4ddc6f84f6ee7716798819fab5f\">\n#top .flex_column.av-7nwz8-7872c4ddc6f84f6ee7716798819fab5f{\nmargin-top:0px;\nmargin-bottom:0px;\n}\n.flex_column.av-7nwz8-7872c4ddc6f84f6ee7716798819fab5f{\nborder-radius:0px 0px 0px 0px;\npadding:0px 0px 0px 0px;\n}\n.responsive #top #wrap_all .flex_column.av-7nwz8-7872c4ddc6f84f6ee7716798819fab5f{\nmargin-top:0px;\nmargin-bottom:0px;\n}\n<\/style>\n<div  class='flex_column av-7nwz8-7872c4ddc6f84f6ee7716798819fab5f av_one_half  avia-builder-el-6  el_after_av_one_half  el_before_av_one_half  flex_column_div av-animated-generic bottom-to-top av-zero-column-padding  column-top-margin'     ><style type=\"text\/css\" data-created_by=\"avia_inline_auto\" id=\"style-css-av-1vtg30-143761f0550c4f8bb806d92394a88cfa\">\n.avia-image-container.av-1vtg30-143761f0550c4f8bb806d92394a88cfa img.avia_image{\nbox-shadow:none;\n}\n.avia-image-container.av-1vtg30-143761f0550c4f8bb806d92394a88cfa .av-image-caption-overlay-center{\ncolor:#ffffff;\n}\n<\/style>\n<div  class='avia-image-container av-1vtg30-143761f0550c4f8bb806d92394a88cfa av-styling-no-styling avia-align-center  avia-builder-el-7  avia-builder-el-no-sibling '   itemprop=\"image\" itemscope=\"itemscope\" itemtype=\"https:\/\/schema.org\/ImageObject\" ><div class=\"avia-image-container-inner\"><div class=\"avia-image-overlay-wrap\"><img decoding=\"async\" fetchpriority=\"high\" class='wp-image-391 avia-img-lazy-loading-not-391 avia_image ' src=\"https:\/\/formaconsulting.hu\/wp-content\/uploads\/2025\/07\/Fejleszto_1-495x400.jpg\" alt='' title='Fejleszto_1'  height=\"400\" width=\"495\"  itemprop=\"thumbnailUrl\" srcset=\"https:\/\/formaconsulting.hu\/wp-content\/uploads\/2025\/07\/Fejleszto_1-495x400.jpg 495w, https:\/\/formaconsulting.hu\/wp-content\/uploads\/2025\/07\/Fejleszto_1-845x684.jpg 845w\" sizes=\"(max-width: 495px) 100vw, 495px\" \/><\/div><\/div><\/div><\/div>\n\n<style type=\"text\/css\" data-created_by=\"avia_inline_auto\" id=\"style-css-av-1fnoes-5134a89c395ad941eb7712f76db81bba\">\n.flex_column.av-1fnoes-5134a89c395ad941eb7712f76db81bba{\nborder-radius:0px 0px 0px 0px;\npadding:0px 0px 0px 0px;\n}\n<\/style>\n<div  class='flex_column av-1fnoes-5134a89c395ad941eb7712f76db81bba av_one_half  avia-builder-el-8  el_after_av_one_half  el_before_av_one_half  first flex_column_div av-animated-generic bottom-to-top av-zero-column-padding  column-top-margin'     ><p>\n<style type=\"text\/css\" data-created_by=\"avia_inline_auto\" id=\"style-css-av-1amey4-18b21d3bf0ede775edf9322253aa238b\">\n#top .av-special-heading.av-1amey4-18b21d3bf0ede775edf9322253aa238b{\npadding-bottom:0;\n}\nbody .av-special-heading.av-1amey4-18b21d3bf0ede775edf9322253aa238b .av-special-heading-tag .heading-char{\nfont-size:25px;\n}\n.av-special-heading.av-1amey4-18b21d3bf0ede775edf9322253aa238b .av-subheading{\nfont-size:15px;\n}\n<\/style>\n<div  class='av-special-heading av-1amey4-18b21d3bf0ede775edf9322253aa238b av-special-heading-h2 blockquote modern-quote  avia-builder-el-9  el_before_av_hr  avia-builder-el-first '><h2 class='av-special-heading-tag '  itemprop=\"headline\"  >Szolg\u00e1ltat\u00e1saink:<\/h2><div class=\"special-heading-border\"><div class=\"special-heading-inner-border\"><\/div><\/div><\/div><br \/>\n\n<style type=\"text\/css\" data-created_by=\"avia_inline_auto\" id=\"style-css-av-1509xw-4c543caa6435653d59a761c43f846fb8\">\n#top .hr.av-1509xw-4c543caa6435653d59a761c43f846fb8{\nmargin-top:10px;\nmargin-bottom:10px;\n}\n.hr.av-1509xw-4c543caa6435653d59a761c43f846fb8 .hr-inner{\nwidth:50px;\nborder-color:#efbb20;\n}\n<\/style>\n<div  class='hr av-1509xw-4c543caa6435653d59a761c43f846fb8 hr-custom  avia-builder-el-10  el_after_av_heading  el_before_av_textblock  hr-left hr-icon-no'><span class='hr-inner inner-border-av-border-fat'><span class=\"hr-inner-style\"><\/span><\/span><\/div><br \/>\n<section  class='av_textblock_section av-34nnw-ad2838be4659fb824469975a0a593bbd '   itemscope=\"itemscope\" itemtype=\"https:\/\/schema.org\/CreativeWork\" ><div class='avia_textblock'  itemprop=\"text\" ><ul>\n<li><strong>Term\u00e9ktervez\u00e9s \u00e9s fejleszt\u00e9s:<\/strong>\u00a0Innovat\u00edv \u00e9p\u00edt\u0151ipari term\u00e9kek tervez\u00e9se a leg\u00fajabb technol\u00f3gi\u00e1k seg\u00edts\u00e9g\u00e9vel.<\/li>\n<li><strong>Protot\u00edpus k\u00e9sz\u00edt\u00e9s \u00e9s tesztel\u00e9s:<\/strong>\u00a0A tervek alapj\u00e1n protot\u00edpusok k\u00e9sz\u00edt\u00e9se \u00e9s szigor\u00fa tesztel\u00e9se.<\/li>\n<li><strong>Gy\u00e1rt\u00e1si folyamatok optimaliz\u00e1l\u00e1sa:<\/strong>\u00a0A gy\u00e1rt\u00e1si folyamatok hat\u00e9konyabb\u00e1 t\u00e9tele a k\u00f6lts\u00e9gek cs\u00f6kkent\u00e9se \u00e9rdek\u00e9ben.<\/li>\n<li><strong>Fenntarthat\u00f3 megold\u00e1sok:<\/strong>\u00a0K\u00f6rnyezetbar\u00e1t anyagok \u00e9s technol\u00f3gi\u00e1k alkalmaz\u00e1sa.<\/li>\n<\/ul>\n<\/div><\/section><\/p><\/div>\n\n<style type=\"text\/css\" data-created_by=\"avia_inline_auto\" id=\"style-css-av-p7378-d59d3bb1a2154afccf3b800ca595e326\">\n.flex_column.av-p7378-d59d3bb1a2154afccf3b800ca595e326{\nborder-radius:0px 0px 0px 0px;\npadding:0px 0px 0px 0px;\n}\n<\/style>\n<div  class='flex_column av-p7378-d59d3bb1a2154afccf3b800ca595e326 av_one_half  avia-builder-el-12  el_after_av_one_half  avia-builder-el-last  flex_column_div av-animated-generic bottom-to-top av-zero-column-padding  column-top-margin'     ><p>\n<style type=\"text\/css\" data-created_by=\"avia_inline_auto\" id=\"style-css-av-kqgsk-db7e83cada39bc6707789e2730b30af6\">\n#top .av-special-heading.av-kqgsk-db7e83cada39bc6707789e2730b30af6{\npadding-bottom:0;\n}\nbody .av-special-heading.av-kqgsk-db7e83cada39bc6707789e2730b30af6 .av-special-heading-tag .heading-char{\nfont-size:25px;\n}\n.av-special-heading.av-kqgsk-db7e83cada39bc6707789e2730b30af6 .av-subheading{\nfont-size:15px;\n}\n<\/style>\n<div  class='av-special-heading av-kqgsk-db7e83cada39bc6707789e2730b30af6 av-special-heading-h2 blockquote modern-quote  avia-builder-el-13  el_before_av_hr  avia-builder-el-first '><h2 class='av-special-heading-tag '  itemprop=\"headline\"  >Mi\u00e9rt v\u00e1lasszon minket?<\/h2><div class=\"special-heading-border\"><div class=\"special-heading-inner-border\"><\/div><\/div><\/div><br \/>\n\n<style type=\"text\/css\" data-created_by=\"avia_inline_auto\" id=\"style-css-av-gn2gs-eedfd8c5ad38ff7e89ccde9cda66cb48\">\n#top .hr.av-gn2gs-eedfd8c5ad38ff7e89ccde9cda66cb48{\nmargin-top:10px;\nmargin-bottom:10px;\n}\n.hr.av-gn2gs-eedfd8c5ad38ff7e89ccde9cda66cb48 .hr-inner{\nwidth:50px;\nborder-color:#efbb20;\n}\n<\/style>\n<div  class='hr av-gn2gs-eedfd8c5ad38ff7e89ccde9cda66cb48 hr-custom  avia-builder-el-14  el_after_av_heading  el_before_av_textblock  hr-left hr-icon-no'><span class='hr-inner inner-border-av-border-fat'><span class=\"hr-inner-style\"><\/span><\/span><\/div><br \/>\n<section  class='av_textblock_section av-zsos-d69a2cb6625cd610011eab14ff9ad078 '   itemscope=\"itemscope\" itemtype=\"https:\/\/schema.org\/CreativeWork\" ><div class='avia_textblock'  itemprop=\"text\" ><ul>\n<li><strong>Szakmai tapasztalat:<\/strong> 30 \u00e9ves az \u00e9p\u00edt\u0151anyag gy\u00e1rt\u00e1s ter\u00fclet\u00e9n szerzett tapasztalat.<br \/>\n&#8211; sz\u00e1razhabarcs gy\u00e1rt\u00e1s (vakolatok, hidegburkolati ragaszt\u00f3k, esztrichek, padl\u00f3kiegyenl\u00edt\u0151k, vakol\u00f3- \u00e9s falaz\u00f3habarcsok)<br \/>\n&#8211; diszperzi\u00f3s kever\u00e9kek (diszperzi\u00f3s vakolatok, fest\u00e9kek, alapoz\u00f3k, v\u00edzz\u00e1r\u00f3 bevonatok, speci\u00e1lis \u00e9p\u00edt\u0151k\u00e9miai term\u00e9kek)<\/li>\n<li><strong>Fenntarthat\u00f3s\u00e1g:<\/strong>\u00a0Olyan megold\u00e1sokat k\u00edn\u00e1lunk, amelyek cs\u00f6kkentik a k\u00f6rnyezeti hat\u00e1st \u00e9s n\u00f6velik az energiahat\u00e9konys\u00e1got.<\/li>\n<li><strong>Min\u0151s\u00e9g \u00e9s biztons\u00e1g:<\/strong>\u00a0Minden term\u00e9k\u00fcnk szigor\u00fa min\u0151s\u00e9gellen\u0151rz\u00e9sen megy kereszt\u00fcl, hogy biztos\u00edtsuk a hossz\u00fa t\u00e1v\u00fa megb\u00edzhat\u00f3s\u00e1got \u00e9s biztons\u00e1got.<\/li>\n<\/ul>\n<\/div><\/section><\/p><\/div>\n","protected":false},"excerpt":{"rendered":"","protected":false},"author":1,"featured_media":0,"parent":25,"menu_order":3,"comment_status":"closed","ping_status":"closed","template":"","meta":{"footnotes":""},"class_list":["post-140","page","type-page","status-publish","hentry"],"_links":{"self":[{"href":"https:\/\/formaconsulting.hu\/index.php?rest_route=\/wp\/v2\/pages\/140","targetHints":{"allow":["GET"]}}],"collection":[{"href":"https:\/\/formaconsulting.hu\/index.php?rest_route=\/wp\/v2\/pages"}],"about":[{"href":"https:\/\/formaconsulting.hu\/index.php?rest_route=\/wp\/v2\/types\/page"}],"author":[{"embeddable":true,"href":"https:\/\/formaconsulting.hu\/index.php?rest_route=\/wp\/v2\/users\/1"}],"replies":[{"embeddable":true,"href":"https:\/\/formaconsulting.hu\/index.php?rest_route=%2Fwp%2Fv2%2Fcomments&post=140"}],"version-history":[{"count":12,"href":"https:\/\/formaconsulting.hu\/index.php?rest_route=\/wp\/v2\/pages\/140\/revisions"}],"predecessor-version":[{"id":405,"href":"https:\/\/formaconsulting.hu\/index.php?rest_route=\/wp\/v2\/pages\/140\/revisions\/405"}],"up":[{"embeddable":true,"href":"https:\/\/formaconsulting.hu\/index.php?rest_route=\/wp\/v2\/pages\/25"}],"wp:attachment":[{"href":"https:\/\/formaconsulting.hu\/index.php?rest_route=%2Fwp%2Fv2%2Fmedia&parent=140"}],"curies":[{"name":"wp","href":"https:\/\/api.w.org\/{rel}","templated":true}]}}