{"id":138,"date":"2015-10-22T15:31:54","date_gmt":"2015-10-22T15:31:54","guid":{"rendered":"http:\/\/test.kriesi.at\/construction\/?page_id=138"},"modified":"2025-02-25T19:09:44","modified_gmt":"2025-02-25T19:09:44","slug":"house-renovation","status":"publish","type":"page","link":"https:\/\/formaconsulting.hu\/?page_id=138","title":{"rendered":"Energetikai tan\u00e1csad\u00e1s \u00e9s tan\u00fas\u00edt\u00e1s"},"content":{"rendered":"<div  class='avia-slideshow av-416ntu-26a99a1ac8959a3385c386fc5fecbcef avia-slideshow-featured_large av_slideshow avia-fade-slider  avia-builder-el-0  el_before_av_one_full  avia-builder-el-first  av-slideshow-ui av-control-hidden av-no-slider-navigation av-hide-nav-arrows av-slideshow-autoplay av-loop-endless av-loop-manual-endless av-default-height-applied avia-slideshow-1' data-slideshow-options=\"{&quot;animation&quot;:&quot;fade&quot;,&quot;autoplay&quot;:true,&quot;loop_autoplay&quot;:&quot;endless&quot;,&quot;interval&quot;:5,&quot;loop_manual&quot;:&quot;manual-endless&quot;,&quot;autoplay_stopper&quot;:false,&quot;noNavigation&quot;:true,&quot;bg_slider&quot;:false,&quot;keep_padding&quot;:false,&quot;hoverpause&quot;:false,&quot;show_slide_delay&quot;:0}\"  itemprop=\"image\" itemscope=\"itemscope\" itemtype=\"https:\/\/schema.org\/ImageObject\" ><ul class='avia-slideshow-inner ' style='padding-bottom: 42%;'><li  class='avia-slideshow-slide av-416ntu-26a99a1ac8959a3385c386fc5fecbcef__0  slide-1 slide-odd'><div data-rel='slideshow-1' class='avia-slide-wrap '   ><img decoding=\"async\" fetchpriority=\"high\" class=\"wp-image-81 avia-img-lazy-loading-not-81\"  src=\"https:\/\/formaconsulting.hu\/wp-content\/uploads\/2015\/10\/cropped-hand-of-a-carpenter-1500x630.jpg\" width=\"1500\" height=\"630\" title='Cropped hand of a carpenter' alt=''  itemprop=\"thumbnailUrl\"   \/><\/div><\/li><li  class='avia-slideshow-slide av-416ntu-26a99a1ac8959a3385c386fc5fecbcef__1  slide-2 slide-even'><div data-rel='slideshow-1' class='avia-slide-wrap '   ><img decoding=\"async\" fetchpriority=\"high\" class=\"wp-image-100 avia-img-lazy-loading-not-100\"  src=\"https:\/\/formaconsulting.hu\/wp-content\/uploads\/2015\/10\/house-interior-1500x630.jpg\" width=\"1500\" height=\"630\" title='House interior' alt=''  itemprop=\"thumbnailUrl\"   \/><\/div><\/li><li  class='avia-slideshow-slide av-416ntu-26a99a1ac8959a3385c386fc5fecbcef__2  slide-3 slide-odd'><div data-rel='slideshow-1' class='avia-slide-wrap '   ><img decoding=\"async\" fetchpriority=\"high\" class=\"wp-image-87 avia-img-lazy-loading-not-87\"  src=\"https:\/\/formaconsulting.hu\/wp-content\/uploads\/2015\/10\/team-banner2.jpg\" width=\"1500\" height=\"630\" title='team-banner2' alt=''  itemprop=\"thumbnailUrl\" srcset=\"https:\/\/formaconsulting.hu\/wp-content\/uploads\/2015\/10\/team-banner2.jpg 1500w, https:\/\/formaconsulting.hu\/wp-content\/uploads\/2015\/10\/team-banner2-300x126.jpg 300w, https:\/\/formaconsulting.hu\/wp-content\/uploads\/2015\/10\/team-banner2-1024x430.jpg 1024w, https:\/\/formaconsulting.hu\/wp-content\/uploads\/2015\/10\/team-banner2-768x323.jpg 768w, https:\/\/formaconsulting.hu\/wp-content\/uploads\/2015\/10\/team-banner2-705x296.jpg 705w\" sizes=\"(max-width: 1500px) 100vw, 1500px\" \/><\/div><\/li><\/ul><div class='avia-slideshow-arrows avia-slideshow-controls' ><a href='#prev' class='prev-slide ' aria-hidden='true' data-av_icon='\ue87c' data-av_iconfont='entypo-fontello'  tabindex='-1'>El\u0151z\u0151<\/a><a href='#next' class='next-slide ' aria-hidden='true' data-av_icon='\ue87d' data-av_iconfont='entypo-fontello'  tabindex='-1'>K\u00f6vetkez\u0151<\/a><\/div><\/div>\n\n<style type=\"text\/css\" data-created_by=\"avia_inline_auto\" id=\"style-css-av-3gik0q-d01c17f04d32d2c9e68120f27cf5390b\">\n#top .flex_column.av-3gik0q-d01c17f04d32d2c9e68120f27cf5390b{\nmargin-top:0px;\nmargin-bottom:0px;\n}\n.flex_column.av-3gik0q-d01c17f04d32d2c9e68120f27cf5390b{\nborder-radius:0px 0px 0px 0px;\npadding:0px 0px 0px 0px;\n}\n.responsive #top #wrap_all .flex_column.av-3gik0q-d01c17f04d32d2c9e68120f27cf5390b{\nmargin-top:0px;\nmargin-bottom:0px;\n}\n<\/style>\n<div  class='flex_column av-3gik0q-d01c17f04d32d2c9e68120f27cf5390b av_one_full  avia-builder-el-1  el_after_av_slideshow  el_before_av_one_half  first flex_column_div av-animated-generic bottom-to-top av-zero-column-padding  '     ><p>\n<style type=\"text\/css\" data-created_by=\"avia_inline_auto\" id=\"style-css-av-38nnlu-1c0f15577b6b669fc638885967f1b10d\">\n#top .av-special-heading.av-38nnlu-1c0f15577b6b669fc638885967f1b10d{\npadding-bottom:0;\n}\nbody .av-special-heading.av-38nnlu-1c0f15577b6b669fc638885967f1b10d .av-special-heading-tag .heading-char{\nfont-size:25px;\n}\n.av-special-heading.av-38nnlu-1c0f15577b6b669fc638885967f1b10d .av-subheading{\nfont-size:15px;\n}\n<\/style>\n<div  class='av-special-heading av-38nnlu-1c0f15577b6b669fc638885967f1b10d av-special-heading-h2 blockquote modern-quote  avia-builder-el-2  el_before_av_hr  avia-builder-el-first '><h2 class='av-special-heading-tag '  itemprop=\"headline\"  >Energetikai tan\u00e1csad\u00e1s \u00e9s tan\u00fas\u00edt\u00e1s<\/h2><div class=\"special-heading-border\"><div class=\"special-heading-inner-border\"><\/div><\/div><\/div><br \/>\n\n<style type=\"text\/css\" data-created_by=\"avia_inline_auto\" id=\"style-css-av-31btx6-ea6fc01698165d2c247e2cfbdc12746f\">\n#top .hr.av-31btx6-ea6fc01698165d2c247e2cfbdc12746f{\nmargin-top:10px;\nmargin-bottom:10px;\n}\n.hr.av-31btx6-ea6fc01698165d2c247e2cfbdc12746f .hr-inner{\nwidth:50px;\nborder-color:#efbb20;\n}\n<\/style>\n<div  class='hr av-31btx6-ea6fc01698165d2c247e2cfbdc12746f hr-custom  avia-builder-el-3  el_after_av_heading  avia-builder-el-last  hr-left hr-icon-no'><span class='hr-inner inner-border-av-border-fat'><span class=\"hr-inner-style\"><\/span><\/span><\/div><\/p><\/div>\n\n<style type=\"text\/css\" data-created_by=\"avia_inline_auto\" id=\"style-css-av-2yyw1u-435f1559609a92a422cf5d40cd4a4646\">\n#top .flex_column.av-2yyw1u-435f1559609a92a422cf5d40cd4a4646{\nmargin-top:0px;\nmargin-bottom:0px;\n}\n.flex_column.av-2yyw1u-435f1559609a92a422cf5d40cd4a4646{\nborder-radius:0px 0px 0px 0px;\npadding:0px 0px 0px 0px;\n}\n.responsive #top #wrap_all .flex_column.av-2yyw1u-435f1559609a92a422cf5d40cd4a4646{\nmargin-top:0px;\nmargin-bottom:0px;\n}\n<\/style>\n<div  class='flex_column av-2yyw1u-435f1559609a92a422cf5d40cd4a4646 av_one_half  avia-builder-el-4  el_after_av_one_full  el_before_av_one_half  first flex_column_div av-animated-generic bottom-to-top av-zero-column-padding  column-top-margin'     ><section  class='av_textblock_section av-2orowy-a69c82f9b17fa6af00d788e24711ea74 '   itemscope=\"itemscope\" itemtype=\"https:\/\/schema.org\/CreativeWork\" ><div class='avia_textblock'  itemprop=\"text\" ><p>Az energetikai tan\u00fas\u00edtv\u00e1ny (vagy energetikai tan\u00fas\u00edtv\u00e1ny) k\u00e9sz\u00edt\u00e9se Magyarorsz\u00e1gon, ahogy m\u00e1s EU-s orsz\u00e1gokban is, az \u00e9p\u00fcletek energiahat\u00e9konys\u00e1g\u00e1nak \u00e9rt\u00e9kel\u00e9s\u00e9re szolg\u00e1l. Ez a dokumentum k\u00f6telez\u0151 az \u00e9p\u00fcletek \u00e9rt\u00e9kes\u00edt\u00e9se, b\u00e9rbead\u00e1sa vagy \u00faj \u00e9p\u00edt\u00e9se eset\u00e9n.<\/p>\n<\/div><\/section><\/div>\n<style type=\"text\/css\" data-created_by=\"avia_inline_auto\" id=\"style-css-av-2jzvqa-89a67a2568c334bfa8fdd62c1be96bcb\">\n#top .flex_column.av-2jzvqa-89a67a2568c334bfa8fdd62c1be96bcb{\nmargin-top:0px;\nmargin-bottom:0px;\n}\n.flex_column.av-2jzvqa-89a67a2568c334bfa8fdd62c1be96bcb{\nborder-radius:0px 0px 0px 0px;\npadding:0px 0px 0px 0px;\n}\n.responsive #top #wrap_all .flex_column.av-2jzvqa-89a67a2568c334bfa8fdd62c1be96bcb{\nmargin-top:0px;\nmargin-bottom:0px;\n}\n<\/style>\n<div  class='flex_column av-2jzvqa-89a67a2568c334bfa8fdd62c1be96bcb av_one_half  avia-builder-el-6  el_after_av_one_half  el_before_av_one_half  flex_column_div av-animated-generic bottom-to-top av-zero-column-padding  column-top-margin'     ><section  class='av_textblock_section av-2h08qa-6503a98c5c2360c8999a9b0e3d96249b '   itemscope=\"itemscope\" itemtype=\"https:\/\/schema.org\/CreativeWork\" ><div class='avia_textblock'  itemprop=\"text\" ><ol>\n<li><strong>Energiak\u00edm\u00e9l\u0151 c\u00e9lok<\/strong>:<br \/>\nAz energetikai tan\u00fas\u00edtv\u00e1ny seg\u00edt felm\u00e9rni az \u00e9p\u00fclet energiafelhaszn\u00e1l\u00e1s\u00e1t \u00e9s hat\u00e9konys\u00e1g\u00e1t. Ez lehet\u0151v\u00e9 teszi a tulajdonosok sz\u00e1m\u00e1ra, hogy megtudj\u00e1k, mennyire energiaig\u00e9nyes az \u00e9p\u00fclet, \u00e9s milyen int\u00e9zked\u00e9sekkel jav\u00edthat\u00f3 a hat\u00e9konys\u00e1g.<\/li>\n<li><strong>K\u00f6rnyezetv\u00e9delmi el\u0151\u00edr\u00e1sok<\/strong>:<br \/>\nAz EU \u00e9s Magyarorsz\u00e1g is c\u00e9lul t\u0171zte ki a sz\u00e9n-dioxid-kibocs\u00e1t\u00e1s cs\u00f6kkent\u00e9s\u00e9t \u00e9s az energiahat\u00e9konys\u00e1g n\u00f6vel\u00e9s\u00e9t. Az energetikai tan\u00fas\u00edtv\u00e1ny seg\u00edt ennek el\u0151seg\u00edt\u00e9s\u00e9ben, mivel r\u00e1vil\u00e1g\u00edt az energiavesztes\u00e9gekre \u00e9s a jav\u00edt\u00e1si lehet\u0151s\u00e9gekre.<\/li>\n<li><strong>\u00c1tl\u00e1that\u00f3s\u00e1g \u00e9s t\u00e1j\u00e9koztat\u00e1s<\/strong>:<br \/>\nAz \u00e9p\u00fcletek v\u00e1s\u00e1rl\u00f3i vagy b\u00e9rl\u0151i sz\u00e1m\u00e1ra az energetikai tan\u00fas\u00edtv\u00e1ny \u00e1tl\u00e1that\u00f3 inform\u00e1ci\u00f3t ny\u00fajt az \u00e9p\u00fclet energiahat\u00e9konys\u00e1g\u00e1r\u00f3l. Ez seg\u00edt a d\u00f6nt\u00e9shozatalban, mivel az energiahat\u00e9konys\u00e1g befoly\u00e1solhatja a fenntart\u00e1si k\u00f6lts\u00e9geket.<\/li>\n<li><strong>Jogi k\u00f6telezetts\u00e9g<\/strong>:<br \/>\nMagyarorsz\u00e1gon az energetikai tan\u00fas\u00edtv\u00e1ny ki\u00e1ll\u00edt\u00e1sa az \u00e9p\u00fcletek eset\u00e9ben t\u00f6rv\u00e9nyi k\u00f6telezetts\u00e9g (pl. 176\/2008. (VI. 30.) Korm. rendelet az \u00e9p\u00fcletek energetikai jellemz\u0151inek tan\u00fas\u00edt\u00e1s\u00e1r\u00f3l) En\u00e9lk\u00fcl az \u00e9p\u00fclet nem adhat\u00f3 el vagy b\u00e9rbe adhat\u00f3 hivatalosan.<\/li>\n<li><strong>Energiatakar\u00e9koss\u00e1gi int\u00e9zked\u00e9sek meghat\u00e1roz\u00e1sa<\/strong>:<br \/>\nA tan\u00fas\u00edtv\u00e1ny tartalmazza azokat a javaslatokat, amelyek seg\u00edts\u00e9g\u00e9vel az \u00e9p\u00fclet energiahat\u00e9konys\u00e1ga jav\u00edthat\u00f3, p\u00e9ld\u00e1ul szigetel\u00e9s, modern f\u0171t\u00e9si rendszerek vagy meg\u00fajul\u00f3 energiaforr\u00e1sok haszn\u00e1lata.<\/li>\n<\/ol>\n<\/div><\/section><\/div>\n<style type=\"text\/css\" data-created_by=\"avia_inline_auto\" id=\"style-css-av-1dq6v6-c1d428bd1f189c85c68ad62026fc9d73\">\n.flex_column.av-1dq6v6-c1d428bd1f189c85c68ad62026fc9d73{\nborder-radius:0px 0px 0px 0px;\npadding:0px 0px 0px 0px;\n}\n<\/style>\n<div  class='flex_column av-1dq6v6-c1d428bd1f189c85c68ad62026fc9d73 av_one_half  avia-builder-el-8  el_after_av_one_half  el_before_av_one_half  first flex_column_div av-animated-generic bottom-to-top av-zero-column-padding  column-top-margin'     ><p>\n<style type=\"text\/css\" data-created_by=\"avia_inline_auto\" id=\"style-css-av-18ude2-ebbca52dd76b05e00423cf8ea3e88528\">\n#top .av-special-heading.av-18ude2-ebbca52dd76b05e00423cf8ea3e88528{\npadding-bottom:0;\n}\nbody .av-special-heading.av-18ude2-ebbca52dd76b05e00423cf8ea3e88528 .av-special-heading-tag .heading-char{\nfont-size:25px;\n}\n.av-special-heading.av-18ude2-ebbca52dd76b05e00423cf8ea3e88528 .av-subheading{\nfont-size:15px;\n}\n<\/style>\n<div  class='av-special-heading av-18ude2-ebbca52dd76b05e00423cf8ea3e88528 av-special-heading-h2 blockquote modern-quote  avia-builder-el-9  el_before_av_hr  avia-builder-el-first '><h2 class='av-special-heading-tag '  itemprop=\"headline\"  >Mikor van sz\u00fcks\u00e9g ENERGETIKAI TAN\u00daS\u00cdTV\u00c1NYRA?<\/h2><div class=\"special-heading-border\"><div class=\"special-heading-inner-border\"><\/div><\/div><\/div><br \/>\n\n<style type=\"text\/css\" data-created_by=\"avia_inline_auto\" id=\"style-css-av-13j87u-60d14c2028787ebe827bdc8d03a7d960\">\n#top .hr.av-13j87u-60d14c2028787ebe827bdc8d03a7d960{\nmargin-top:10px;\nmargin-bottom:10px;\n}\n.hr.av-13j87u-60d14c2028787ebe827bdc8d03a7d960 .hr-inner{\nwidth:50px;\nborder-color:#efbb20;\n}\n<\/style>\n<div  class='hr av-13j87u-60d14c2028787ebe827bdc8d03a7d960 hr-custom  avia-builder-el-10  el_after_av_heading  el_before_av_textblock  hr-left hr-icon-no'><span class='hr-inner inner-border-av-border-fat'><span class=\"hr-inner-style\"><\/span><\/span><\/div><br \/>\n<section  class='av_textblock_section av-vdm02-740e8381d3f4c917cece0c79905e49f4 '   itemscope=\"itemscope\" itemtype=\"https:\/\/schema.org\/CreativeWork\" ><div class='avia_textblock'  itemprop=\"text\" ><p><strong>A rendelet hat\u00e1lya nem terjed ki &#8211; nem kell tan\u00fas\u00edtani:<\/strong><\/p>\n<ul>\n<li>az \u00f6n\u00e1ll\u00f3, m\u00e1s \u00e9p\u00fclethez nem csatlakoz\u00f3, 50 m2-n\u00e9l kisebb hasznos alapter\u00fclet\u0171 \u00e9p\u00fcletre;<\/li>\n<li>az \u00e9vente 4 h\u00f3napn\u00e1l r\u00f6videbb haszn\u00e1latra sz\u00e1nt lakhat\u00e1s \u00e9s pihen\u00e9s c\u00e9lj\u00e1ra haszn\u00e1lt \u00e9p\u00fcletre;<\/li>\n<li>a legfeljebb 2 \u00e9vi haszn\u00e1latra sz\u00e1nt felvonul\u00e1si \u00e9p\u00fcletre, f\u00f3lia- vagy s\u00e1torszerkezetre;<\/li>\n<li>hit\u00e9leti c\u00e9lra haszn\u00e1lt \u00e9p\u00fcletre;<\/li>\n<li>a nem lak\u00e1s c\u00e9lj\u00e1ra haszn\u00e1lt alacsony energiaig\u00e9ny\u0171 olyan mez\u0151gazdas\u00e1gi, logisztikai \u00e9s ipari \u00e9p\u00fcletre \u00e9s \u00e9p\u00fcletr\u00e9szre, amelyben a leveg\u0151 h\u0151m\u00e9rs\u00e9klete a f\u0171t\u00e9si rendszer \u00fczemideje alatt nem haladja meg a 12 \u00b0C-ot vagy n\u00e9gy h\u00f3napn\u00e1l r\u00f6videbb ideig ker\u00fcl f\u0171t\u00e9sre \u00e9s k\u00e9t h\u00f3napn\u00e1l r\u00f6videbb ideig ker\u00fcl h\u0171t\u00e9sre;<\/li>\n<li>m\u0171helyre vagy az ipari ter\u00fcleten l\u00e9v\u0151 \u00e9p\u00fcletre, ha abban a technol\u00f3gi\u00e1b\u00f3l sz\u00e1rmaz\u00f3 bels\u0151 h\u0151nyeres\u00e9g a rendeltet\u00e9sszer\u0171 haszn\u00e1lat id\u0151tartama alatt nagyobb, mint 20 W\/m2, vagy a f\u0171t\u00e9si id\u00e9nyben t\u00f6bb, mint h\u00faszszoros l\u00e9gcsere sz\u00fcks\u00e9ges, illetve alakul ki.<\/li>\n<\/ul>\n<p><strong>Amennyiben nem rendelkezik hat\u00e1lyos energetikai tan\u00fas\u00edtv\u00e1nnyal \u2013 tan\u00fas\u00edtani kell:<\/strong><\/p>\n<ul>\n<li>\u00faj \u00e9p\u00fclet \u00e9p\u00edt\u00e9se;<\/li>\n<li>megl\u00e9v\u0151 \u00e9p\u00fclet vagy \u00f6n\u00e1ll\u00f3 rendeltet\u00e9si egys\u00e9g<br \/>\n&#8211; ellen\u00e9rt\u00e9k fej\u00e9ben t\u00f6rt\u00e9n\u0151 tulajdon-\u00e1truh\u00e1z\u00e1sa, vagy<br \/>\n&#8211; b\u00e9rbead\u00e1sa;<\/li>\n<li>500 m2-n\u00e9l nagyobb hasznos alapter\u00fclet\u0171 hat\u00f3s\u00e1gi rendeltet\u00e9s\u0171, \u00e1llami tulajdon\u00fa k\u00f6zhaszn\u00e1lat\u00fa \u00e9p\u00fclet eset\u00e9n.<\/li>\n<\/ul>\n<\/div><\/section><\/p><\/div>\n<style type=\"text\/css\" data-created_by=\"avia_inline_auto\" id=\"style-css-av-ozv62-88c918c196a62a1c751b091ace19cc21\">\n.flex_column.av-ozv62-88c918c196a62a1c751b091ace19cc21{\nborder-radius:0px 0px 0px 0px;\npadding:0px 0px 0px 0px;\n}\n<\/style>\n<div  class='flex_column av-ozv62-88c918c196a62a1c751b091ace19cc21 av_one_half  avia-builder-el-12  el_after_av_one_half  el_before_av_one_full  flex_column_div av-animated-generic bottom-to-top av-zero-column-padding  column-top-margin'     ><style type=\"text\/css\" data-created_by=\"avia_inline_auto\" id=\"style-css-av-k7hx6-d539d8dee87363a88c3edb0ce31198fd\">\n.avia-image-container.av-k7hx6-d539d8dee87363a88c3edb0ce31198fd img.avia_image{\nbox-shadow:none;\n}\n.avia-image-container.av-k7hx6-d539d8dee87363a88c3edb0ce31198fd .av-image-caption-overlay-center{\ncolor:#ffffff;\n}\n<\/style>\n<div  class='avia-image-container av-k7hx6-d539d8dee87363a88c3edb0ce31198fd av-styling-no-styling avia-align-center  avia-builder-el-13  avia-builder-el-no-sibling '   itemprop=\"image\" itemscope=\"itemscope\" itemtype=\"https:\/\/schema.org\/ImageObject\" ><div class=\"avia-image-container-inner\"><div class=\"avia-image-overlay-wrap\"><img decoding=\"async\" fetchpriority=\"high\" class='wp-image-104 avia-img-lazy-loading-not-104 avia_image ' src=\"https:\/\/formaconsulting.hu\/wp-content\/uploads\/2015\/10\/house-mansion-845x684.jpg\" alt='' title='Mansion'  height=\"684\" width=\"845\"  itemprop=\"thumbnailUrl\" srcset=\"https:\/\/formaconsulting.hu\/wp-content\/uploads\/2015\/10\/house-mansion-845x684.jpg 845w, https:\/\/formaconsulting.hu\/wp-content\/uploads\/2015\/10\/house-mansion-495x400.jpg 495w\" sizes=\"(max-width: 845px) 100vw, 845px\" \/><\/div><\/div><\/div><\/div><\/p>\n\n<style type=\"text\/css\" data-created_by=\"avia_inline_auto\" id=\"style-css-av-georm-7a5bdb5a9916fb7aaadf9a8c24092961\">\n.flex_column.av-georm-7a5bdb5a9916fb7aaadf9a8c24092961{\nborder-width:1px;\nborder-color:#e1e1e1;\nborder-style:solid;\nborder-radius:0px 0px 0px 0px;\npadding:20px 20px 20px 20px;\nbackground-color:#fcfcfc;\n}\n<\/style>\n<div  class='flex_column av-georm-7a5bdb5a9916fb7aaadf9a8c24092961 av_one_full  avia-builder-el-14  el_after_av_one_half  avia-builder-el-last  first flex_column_div av-animated-generic bottom-to-top  column-top-margin'     ><section  class='av_textblock_section av-a73du-0237ca14f791ca88c1d666df8235c3e5 '   itemscope=\"itemscope\" itemtype=\"https:\/\/schema.org\/CreativeWork\" ><div class='avia_textblock'  itemprop=\"text\" ><p>Az energetikai tan\u00fas\u00edtv\u00e1ny megl\u00e9te sz\u00e1mos el\u0151nnyel j\u00e1r, amelyek nemcsak az \u00e9p\u00fclet tulajdonos\u00e1t, hanem a b\u00e9rl\u0151ket, a vev\u0151ket \u00e9s a k\u00f6rnyezetet is \u00e9rintik. Az al\u00e1bbiakban \u00f6sszefoglalom a legfontosabb el\u0151ny\u00f6ket:<\/p>\n<ol>\n<li><strong>Energiak\u00f6lts\u00e9gek cs\u00f6kkent\u00e9se<\/strong><\/li>\n<\/ol>\n<ul>\n<li>Az energetikai tan\u00fas\u00edtv\u00e1ny r\u00e9szletesen bemutatja az \u00e9p\u00fclet energiahat\u00e9konys\u00e1gi szintj\u00e9t, valamint javaslatokat tartalmaz az energiafelhaszn\u00e1l\u00e1s optimaliz\u00e1l\u00e1s\u00e1ra.<\/li>\n<li>A javaslatok alapj\u00e1n v\u00e9grehajtott int\u00e9zked\u00e9sek (pl. szigetel\u00e9s, modern f\u0171t\u00e9si rendszerek) jelent\u0151s energiatakar\u00e9koss\u00e1got \u00e9s k\u00f6lts\u00e9gcs\u00f6kkent\u00e9st eredm\u00e9nyezhetnek.<\/li>\n<\/ul>\n<ol start=\"2\">\n<li><strong>\u00c9p\u00fclet \u00e9rt\u00e9k\u00e9nek n\u00f6vel\u00e9se<\/strong><\/li>\n<\/ol>\n<ul>\n<li>Egy j\u00f3 energetikai besorol\u00e1s\u00fa (pl. &#8222;A&#8221; vagy &#8222;B&#8221; kateg\u00f3ri\u00e1s) \u00e9p\u00fclet piaci \u00e9rt\u00e9ke magasabb, mivel a vev\u0151k \u00e9s b\u00e9rl\u0151k sz\u00e1m\u00e1ra vonz\u00f3bb az alacsony energiafogyaszt\u00e1s \u00e9s a kisebb fenntart\u00e1si k\u00f6lts\u00e9gek miatt.<\/li>\n<li>A tan\u00fas\u00edtv\u00e1ny hivatalos dokumentumk\u00e9nt n\u00f6veli az \u00e9p\u00fclet \u00e1tl\u00e1that\u00f3s\u00e1g\u00e1t \u00e9s megb\u00edzhat\u00f3s\u00e1g\u00e1t.<\/li>\n<\/ul>\n<ol start=\"3\">\n<li><strong>K\u00f6rnyezetv\u00e9delmi el\u0151ny\u00f6k<\/strong><\/li>\n<\/ol>\n<ul>\n<li>Az energiahat\u00e9konys\u00e1g jav\u00edt\u00e1sa cs\u00f6kkenti az \u00e9p\u00fclet sz\u00e9n-dioxid-kibocs\u00e1t\u00e1s\u00e1t, ami hozz\u00e1j\u00e1rul a kl\u00edmav\u00e1ltoz\u00e1s elleni k\u00fczdelemhez.<\/li>\n<li>A meg\u00fajul\u00f3 energiaforr\u00e1sokra val\u00f3 \u00e1t\u00e1ll\u00e1s vagy a hagyom\u00e1nyos rendszerek moderniz\u00e1l\u00e1sa is seg\u00edt a fenntarthat\u00f3 fejl\u0151d\u00e9sben.<\/li>\n<\/ul>\n<ol start=\"4\">\n<li><strong>Jogi biztons\u00e1g<\/strong><\/li>\n<\/ol>\n<ul>\n<li>Az energetikai tan\u00fas\u00edtv\u00e1ny megl\u00e9te k\u00f6telez\u0151 az \u00e9p\u00fcletek \u00e9rt\u00e9kes\u00edt\u00e9se vagy b\u00e9rbead\u00e1sa eset\u00e9n. En\u00e9lk\u00fcl az \u00fcgylet nem hivatalos\u00edtott.<\/li>\n<li>A dokumentummal elker\u00fclhet\u0151k a jogi probl\u00e9m\u00e1k \u00e9s b\u00edrs\u00e1gok.<\/li>\n<\/ul>\n<ol start=\"5\">\n<li><strong>T\u00e1j\u00e9koztatotts\u00e1g \u00e9s \u00e1tl\u00e1that\u00f3s\u00e1g<\/strong><\/li>\n<\/ol>\n<ul>\n<li>A vev\u0151k \u00e9s b\u00e9rl\u0151k sz\u00e1m\u00e1ra az energetikai tan\u00fas\u00edtv\u00e1ny \u00e1tl\u00e1that\u00f3 inform\u00e1ci\u00f3t ny\u00fajt az \u00e9p\u00fclet energiahat\u00e9konys\u00e1g\u00e1r\u00f3l, ami seg\u00edt a d\u00f6nt\u00e9shozatalban.<\/li>\n<li>A dokumentum tartalmazza az \u00e9p\u00fclet energiafogyaszt\u00e1s\u00e1t, a besorol\u00e1si kateg\u00f3ri\u00e1t (A-t\u00f3l G-ig) \u00e9s a jav\u00edt\u00e1si lehet\u0151s\u00e9geket.<\/li>\n<\/ul>\n<ol start=\"6\">\n<li><strong>\u00c1llami t\u00e1mogat\u00e1sok ig\u00e9nybev\u00e9tele<\/strong><\/li>\n<\/ol>\n<ul>\n<li>Magyarorsz\u00e1gon sz\u00e1mos \u00e1llami t\u00e1mogat\u00e1s (pl. z\u00f6ldhitel, panelprogram) el\u00e9rhet\u0151 az energiahat\u00e9konys\u00e1g jav\u00edt\u00e1s\u00e1ra. Az energetikai tan\u00fas\u00edtv\u00e1ny seg\u00edts\u00e9g\u00e9vel k\u00f6nnyebben ig\u00e9nyelhet\u0151k ezek a t\u00e1mogat\u00e1sok.<\/li>\n<li>A tan\u00fas\u00edtv\u00e1nyban szerepl\u0151 javaslatok alapj\u00e1n c\u00e9lzottan lehet kiv\u00e1lasztani a legmegfelel\u0151bb int\u00e9zked\u00e9seket.<\/li>\n<\/ul>\n<ol start=\"7\">\n<li><strong>Hossz\u00fa t\u00e1v\u00fa megt\u00e9r\u00fcl\u00e9s<\/strong><\/li>\n<\/ol>\n<ul>\n<li>B\u00e1r az energiahat\u00e9konys\u00e1gi int\u00e9zked\u00e9sek kezdeti beruh\u00e1z\u00e1st ig\u00e9nyelnek, a cs\u00f6kkentett energiafogyaszt\u00e1s \u00e9s a kisebb fenntart\u00e1si k\u00f6lts\u00e9gek hossz\u00fa t\u00e1von megt\u00e9r\u00fclnek.<\/li>\n<li>Egy energiatakar\u00e9kos \u00e9p\u00fcletben \u00e9l\u0151k vagy dolgoz\u00f3k komfortja is javul, ami hozz\u00e1j\u00e1rul az \u00e9letmin\u0151s\u00e9g n\u00f6vel\u00e9s\u00e9hez.<\/li>\n<\/ul>\n<ol start=\"8\">\n<li><strong>Versenyel\u0151ny az ingatlanpiacon<\/strong><\/li>\n<\/ol>\n<ul>\n<li>Az energetikai tan\u00fas\u00edtv\u00e1ny seg\u00edti az \u00e9p\u00fclet \u00e9rt\u00e9kes\u00edt\u00e9s\u00e9t vagy b\u00e9rbead\u00e1s\u00e1t, mivel a potenci\u00e1lis vev\u0151k vagy b\u00e9rl\u0151k sz\u00e1m\u00e1ra vonz\u00f3bb az alacsony energiaig\u00e9ny\u0171 ingatlan.<\/li>\n<li>A piacon egyre nagyobb hangs\u00falyt kap a fenntarthat\u00f3s\u00e1g, \u00edgy a j\u00f3 energetikai besorol\u00e1s\u00fa \u00e9p\u00fcletek el\u0151nyben r\u00e9szes\u00fclnek.<\/li>\n<\/ul>\n<p>\u00d6sszess\u00e9g\u00e9ben az energetikai tan\u00fas\u00edtv\u00e1ny nemcsak egy k\u00f6telez\u0151 dokumentum, hanem egy olyan eszk\u00f6z, amely hossz\u00fa t\u00e1von anyagi, k\u00f6rnyezeti \u00e9s t\u00e1rsadalmi el\u0151ny\u00f6kkel j\u00e1r.<\/p>\n<\/div><\/section><\/div>\n","protected":false},"excerpt":{"rendered":"","protected":false},"author":1,"featured_media":0,"parent":25,"menu_order":5,"comment_status":"closed","ping_status":"closed","template":"","meta":{"footnotes":""},"class_list":["post-138","page","type-page","status-publish","hentry"],"_links":{"self":[{"href":"https:\/\/formaconsulting.hu\/index.php?rest_route=\/wp\/v2\/pages\/138","targetHints":{"allow":["GET"]}}],"collection":[{"href":"https:\/\/formaconsulting.hu\/index.php?rest_route=\/wp\/v2\/pages"}],"about":[{"href":"https:\/\/formaconsulting.hu\/index.php?rest_route=\/wp\/v2\/types\/page"}],"author":[{"embeddable":true,"href":"https:\/\/formaconsulting.hu\/index.php?rest_route=\/wp\/v2\/users\/1"}],"replies":[{"embeddable":true,"href":"https:\/\/formaconsulting.hu\/index.php?rest_route=%2Fwp%2Fv2%2Fcomments&post=138"}],"version-history":[{"count":3,"href":"https:\/\/formaconsulting.hu\/index.php?rest_route=\/wp\/v2\/pages\/138\/revisions"}],"predecessor-version":[{"id":365,"href":"https:\/\/formaconsulting.hu\/index.php?rest_route=\/wp\/v2\/pages\/138\/revisions\/365"}],"up":[{"embeddable":true,"href":"https:\/\/formaconsulting.hu\/index.php?rest_route=\/wp\/v2\/pages\/25"}],"wp:attachment":[{"href":"https:\/\/formaconsulting.hu\/index.php?rest_route=%2Fwp%2Fv2%2Fmedia&parent=138"}],"curies":[{"name":"wp","href":"https:\/\/api.w.org\/{rel}","templated":true}]}}